{"id":676,"date":"2026-03-30T02:01:26","date_gmt":"2026-03-30T02:01:26","guid":{"rendered":"https:\/\/kojoon.com\/?post_type=product&#038;p=676"},"modified":"2026-03-31T02:53:09","modified_gmt":"2026-03-31T02:53:09","slug":"du-an-dac-trung-cua-raffles-macau-ve-thiet-ke-noi-that-khach-san-cao-cap-theo-yeu-cau","status":"publish","type":"product","link":"https:\/\/kojoon.com\/vi\/product\/du-an-dac-trung-cua-raffles-macau-ve-thiet-ke-noi-that-khach-san-cao-cap-theo-yeu-cau\/","title":{"rendered":"Thi\u1ebft k\u1ebf n\u1ed9i th\u1ea5t kh\u00e1ch s\u1ea1n cao c\u1ea5p theo y\u00eau c\u1ea7u | D\u1ef1 \u00e1n \u0111\u1eb7c tr\u01b0ng c\u1ee7a Raffles Macau"},"content":{"rendered":"<div style=\"max-width: 1200px; margin: 40px auto; padding: 0 20px; font-family: -apple-system, BlinkMacSystemFont, 'Segoe UI', Roboto, sans-serif; line-height: 1.7; color: #333;\">\n<p>  <!-- \u7b2c\u4e00\u6bb5\uff1a\u6587\u5b57\u5de6 + \u56fe\u7247\u53f3 --><\/p>\n<div style=\"display: flex; flex-wrap: wrap; gap: 35px; align-items: center; margin-bottom: 60px;\">\n<div style=\"flex: 1; min-width: 300px;\">\n<h2 style=\"font-size: 26px; font-weight: 700; color: #1a1a1a; margin: 0 0 16px;\">\u00dd t\u01b0\u1edfng thi\u1ebft k\u1ebf<\/h2>\n<p style=\"font-size: 16px; margin: 0;\">C\u0103n b\u1ebfp n\u00e0y th\u1ec3 hi\u1ec7n m\u1ed9t phong c\u00e1ch t\u1ed1i gi\u1ea3n tinh t\u1ebf, \u0111\u01b0\u1ee3c t\u00f4n l\u00ean nh\u1edd \u0111\u1ea3o b\u1ebfp trung t\u00e2m \u1ed1p g\u1ed7 s\u1eabm m\u00e0u b\u00f3ng b\u1ea9y, mang \u0111\u1ebfn cho kh\u00f4ng gian n\u00e9t thanh l\u1ecbch t\u1ef1 nhi\u00ean \u0111\u1ea7y tinh t\u1ebf. Nh\u1eefng \u0111\u01b0\u1eddng n\u00e9t g\u1ecdn g\u00e0ng v\u00e0 d\u00e1ng v\u1ebb hi\u1ec7n \u0111\u1ea1i c\u1ee7a n\u00f3 h\u00f2a quy\u1ec7n m\u1ed9t c\u00e1ch ho\u00e0n h\u1ea3o v\u00e0o kh\u00f4ng gian m\u1edf, g\u00f3p ph\u1ea7n n\u00e2ng cao c\u1ea3m gi\u00e1c sang tr\u1ecdng v\u00e0 s\u1ef1 tinh t\u1ebf hi\u1ec7n \u0111\u1ea1i cho to\u00e0n b\u1ed9 kh\u00f4ng gian.<\/p>\n<\/p><\/div>\n<div style=\"flex: 1; min-width: 300px; text-align: center;\">\n      <img decoding=\"async\" src=\"https:\/\/kojoon.com\/wp-content\/uploads\/2026\/03\/Raffles-Hotel-4-800x800-1-300x300.jpg\" alt=\"B\u00e0n \u0111\u1ea3o b\u1ebfp b\u1eb1ng g\u1ed7 s\u1eabm m\u00e0u t\u1ea1i Kh\u00e1ch s\u1ea1n Raffles\" style=\"width: 100%; max-width: 500px; height: auto; border-radius: 8px; box-shadow: 0 2px 12px rgba(0,0,0,0.08);\">\n    <\/div>\n<\/p><\/div>\n<p>  <!-- \u7b2c\u4e8c\u6bb5\uff1a\u56fe\u7247\u5de6 + \u6587\u5b57\u53f3\uff08\u53cd\u5411\uff09 --><\/p>\n<div style=\"display: flex; flex-wrap: wrap; gap: 35px; align-items: center; margin-bottom: 60px; flex-direction: row-reverse;\">\n<div style=\"flex: 1; min-width: 300px;\">\n<h2 style=\"font-size: 22px; font-weight: 600; color: #1a1a1a; margin: 0 0 12px;\">B\u1ea3ng m\u00e0u &amp; X\u1eed l\u00fd b\u1ec1 m\u1eb7t<\/h2>\n<p style=\"font-size: 16px; margin: 0 0 20px;\">T\u00f4ng m\u00e0u tr\u1ea7m \u1ea5m c\u1ee7a l\u1edbp veneer g\u1ed7 s\u1eabm mang \u0111\u1ebfn m\u1ed9t b\u1ec1 m\u1eb7t sang tr\u1ecdng, m\u01b0\u1ee3t m\u00e0, t\u1ea1o n\u00ean s\u1ef1 t\u01b0\u01a1ng ph\u1ea3n thanh l\u1ecbch v\u1edbi kh\u00f4ng gian xung quanh c\u00f3 t\u00f4ng m\u00e0u s\u00e1ng. Quy tr\u00ecnh x\u1eed l\u00fd b\u1ec1 m\u1eb7t tinh t\u1ebf l\u00e0m n\u1ed5i b\u1eadt v\u00e2n g\u1ed7 t\u1ef1 nhi\u00ean, t\u1ea1o n\u00ean s\u1ef1 c\u00e2n b\u1eb1ng ho\u00e0n h\u1ea3o gi\u1eefa s\u1ef1 \u1ea5m \u00e1p v\u00e0 phong c\u00e1ch hi\u1ec7n \u0111\u1ea1i, \u0111\u1ed3ng th\u1eddi t\u00f4n l\u00ean kh\u00f4ng gian b\u1ebfp s\u00e1ng s\u1ee7a v\u00e0 tho\u00e1ng \u0111\u00e3ng.<\/p>\n<h2 style=\"font-size: 22px; font-weight: 600; color: #1a1a1a; margin: 0 0 12px;\">C\u1ea5u tr\u00fac kh\u00f4ng gian<\/h2>\n<p style=\"font-size: 16px; margin: 0 0 20px;\">\u0110\u01b0\u1ee3c thi\u1ebft k\u1ebf theo phong c\u00e1ch m\u1edf, khu b\u1ebfp l\u1ea5y \u0111\u1ea3o b\u1ebfp \u1ed1p g\u1ed7 t\u1ed1i m\u00e0u theo phong c\u00e1ch t\u1ed1i gi\u1ea3n l\u00e0m t\u00e2m \u0111i\u1ec3m, k\u1ebft h\u1ee3p v\u1edbi h\u1ec7 t\u1ee7 b\u1ebfp c\u00f9ng t\u00f4ng m\u00e0u v\u00e0 m\u1eb7t b\u00e0n b\u1ebfp m\u00e0u tr\u1eafng sang tr\u1ecdng. C\u00e1ch b\u1ed1 tr\u00ed n\u00e0y t\u1ea1o c\u1ea3m gi\u00e1c tho\u00e1ng \u0111\u00e3ng, bi\u1ebfn \u0111\u1ea3o b\u1ebfp th\u00e0nh tr\u00e1i tim c\u1ee7a ng\u00f4i nh\u00e0 \u2014 l\u00fd t\u01b0\u1edfng cho c\u1ea3 vi\u1ec7c chu\u1ea9n b\u1ecb b\u1eefa \u0103n h\u00e0ng ng\u00e0y l\u1eabn nh\u1eefng bu\u1ed5i t\u1ee5 t\u1eadp th\u00e2n m\u1eadt.<\/p>\n<h2 style=\"font-size: 22px; font-weight: 600; color: #1a1a1a; margin: 0 0 12px;\">Ch\u1ea5t li\u1ec7u &amp; Tay ngh\u1ec1<\/h2>\n<p style=\"font-size: 16px; margin: 0;\">\u0110\u01b0\u1ee3c ch\u1ebf t\u00e1c t\u1eeb g\u1ed7 d\u00e1n m\u00e0u s\u1eabm cao c\u1ea5p, \u0111\u1ea3o b\u1ebfp v\u00e0 h\u1ec7 th\u1ed1ng t\u1ee7 \u0111\u1ea3m b\u1ea3o \u0111\u1ed9 b\u1ec1n v\u01b0\u1ee3t tr\u1ed9i c\u00f9ng v\u1ebb \u0111\u1eb9p tr\u01b0\u1eddng t\u1ed3n. M\u1ed7i t\u1ea5m g\u1ed7 \u0111\u1ec1u \u0111\u01b0\u1ee3c ho\u00e0n thi\u1ec7n t\u1ec9 m\u1ec9 \u0111\u1ec3 t\u1ea1o n\u00ean b\u1ec1 m\u1eb7t m\u1ecbn m\u00e0ng, li\u1ec1n m\u1ea1ch, trong khi k\u1ef9 thu\u1eadt ch\u1ebf t\u00e1c \u0111i\u00eau luy\u1ec7n l\u00e0m n\u1ed5i b\u1eadt k\u1ebft c\u1ea5u \u0111\u1ed9c \u0111\u00e1o v\u00e0 n\u00e9t quy\u1ebfn r\u0169 t\u1ef1 nhi\u00ean c\u1ee7a v\u00e2n g\u1ed7, g\u00f3p ph\u1ea7n n\u00e2ng t\u1ea7m v\u1ebb \u0111\u1eb9p v\u01b0\u1ee3t th\u1eddi gian cho kh\u00f4ng gian.<\/p>\n<\/p><\/div>\n<div style=\"flex: 1; min-width: 300px; text-align: center;\">\n      <img decoding=\"async\" src=\"https:\/\/kojoon.com\/wp-content\/uploads\/2026\/03\/Raffles-Hotel-5-800x800-1-300x300.jpg\" alt=\"\u0110\u1ea3o b\u1ebfp v\u00e0 t\u1ee7 b\u1ebfp \u1ed1p g\u1ed7 s\u1eabm m\u00e0u\" style=\"width: 100%; max-width: 500px; height: auto; border-radius: 8px; box-shadow: 0 2px 12px rgba(0,0,0,0.08);\">\n    <\/div>\n<\/p><\/div>\n<p>  <!-- \u7b2c\u4e09\u6bb5\uff1a\u6536\u5c3e\u529f\u80fd\u8bf4\u660e --><\/p>\n<div style=\"margin-bottom: 30px;\">\n<h2 style=\"font-size: 22px; font-weight: 600; color: #1a1a1a; margin: 0 0 12px;\">Ch\u1ee9c n\u0103ng &amp; T\u00ednh ti\u1ec7n d\u1ee5ng<\/h2>\n<p style=\"font-size: 16px; margin: 0;\">\u0110\u1eb7t t\u00ednh ti\u1ec7n d\u1ee5ng l\u00ean h\u00e0ng \u0111\u1ea7u m\u00e0 kh\u00f4ng l\u00e0m m\u1ea5t \u0111i v\u1ebb \u0111\u1eb9p th\u1ea9m m\u1ef9, \u0111\u1ea3o b\u1ebfp v\u00e0 t\u1ee7 b\u1ebfp \u1ed1p g\u1ed7 s\u1eabm m\u00e0u mang l\u1ea1i kh\u00f4ng gian l\u01b0u tr\u1eef r\u1ed9ng r\u00e3i \u0111\u1ed3ng th\u1eddi v\u1eabn gi\u1eef \u0111\u01b0\u1ee3c v\u1ebb ngo\u00e0i g\u1ecdn g\u00e0ng, tinh t\u1ebf. C\u00e1c chi ti\u1ebft \u0111\u01b0\u1ee3c thi\u1ebft k\u1ebf theo nguy\u00ean t\u1eafc c\u00f4ng th\u00e1i h\u1ecdc c\u00f9ng h\u1ec7 th\u1ed1ng ph\u1ee5 ki\u1ec7n \u0111\u01b0\u1ee3c b\u1ed1 tr\u00ed h\u1ee3p l\u00fd \u0111\u1ea3m b\u1ea3o thao t\u00e1c d\u1ec5 d\u00e0ng, mang \u0111\u1ebfn tr\u1ea3i nghi\u1ec7m b\u1ebfp n\u00fac tho\u1ea3i m\u00e1i v\u00e0 v\u00f4 c\u00f9ng ti\u1ec7n d\u1ee5ng cho cu\u1ed9c s\u1ed1ng h\u00e0ng ng\u00e0y.<\/p>\n<\/p><\/div>\n<\/div>","protected":false},"excerpt":{"rendered":"<p>Design Concept This kitchen embodies a refined minimalist aesthetic, elevated by a sleek dark wood veneer central island that infuses the space with understated natural elegance. Its clean lines and contemporary silhouette blend seamlessly into the open layout, enhancing the overall sense of refinement and modern sophistication. Color Palette &#038; Surface Treatment The deep tones [&hellip;]<\/p>\n","protected":false},"featured_media":678,"template":"","meta":{"_acf_changed":false},"product_brand":[],"product_cat":[37,40],"product_tag":[],"class_list":{"0":"post-676","1":"product","2":"type-product","3":"status-publish","4":"has-post-thumbnail","6":"product_cat-furniture","7":"product_cat-hotel-business-furniture","9":"first","10":"instock","11":"shipping-taxable","12":"product-type-simple"},"acf":[],"yoast_head":"<!-- This site is optimized with the Yoast SEO Premium plugin v23.6 (Yoast SEO v23.6) - https:\/\/yoast.com\/wordpress\/plugins\/seo\/ -->\n<title>Luxury Hotel Furniture Customization | Raffles Macau Signature Project - kojoon.com<\/title>\n<meta name=\"robots\" content=\"index, follow, max-snippet:-1, max-image-preview:large, max-video-preview:-1\" \/>\n<link rel=\"canonical\" href=\"https:\/\/kojoon.com\/vi\/product\/du-an-dac-trung-cua-raffles-macau-ve-thiet-ke-noi-that-khach-san-cao-cap-theo-yeu-cau\/\" \/>\n<meta property=\"og:locale\" content=\"vi_VN\" \/>\n<meta property=\"og:type\" content=\"article\" \/>\n<meta property=\"og:title\" content=\"Luxury Hotel Furniture Customization | Raffles Macau Signature Project\" \/>\n<meta property=\"og:description\" content=\"Design Concept This kitchen embodies a refined minimalist aesthetic, elevated by a sleek dark wood veneer central island that infuses the space with understated natural elegance. Its clean lines and contemporary silhouette blend seamlessly into the open layout, enhancing the overall sense of refinement and modern sophistication. Color Palette &#038; Surface Treatment The deep tones [&hellip;]\" \/>\n<meta property=\"og:url\" content=\"https:\/\/kojoon.com\/vi\/product\/du-an-dac-trung-cua-raffles-macau-ve-thiet-ke-noi-that-khach-san-cao-cap-theo-yeu-cau\/\" \/>\n<meta property=\"og:site_name\" content=\"kojoon.com\" \/>\n<meta property=\"article:modified_time\" content=\"2026-03-31T02:53:09+00:00\" \/>\n<meta property=\"og:image\" content=\"https:\/\/kojoon.com\/wp-content\/uploads\/2026\/03\/Raffles-Hotel-5-800x800-1.jpg\" \/>\n\t<meta property=\"og:image:width\" content=\"800\" \/>\n\t<meta property=\"og:image:height\" content=\"800\" \/>\n\t<meta property=\"og:image:type\" content=\"image\/jpeg\" \/>\n<meta name=\"twitter:card\" content=\"summary_large_image\" \/>\n<meta name=\"twitter:label1\" content=\"\u01af\u1edbc t\u00ednh th\u1eddi gian \u0111\u1ecdc\" \/>\n\t<meta name=\"twitter:data1\" content=\"1 ph\u00fat\" \/>\n<script type=\"application\/ld+json\" class=\"yoast-schema-graph\">{\"@context\":\"https:\/\/schema.org\",\"@graph\":[{\"@type\":\"WebPage\",\"@id\":\"https:\/\/kojoon.com\/product\/luxury-hotel-furniture-customization-raffles-macau-signature-project\/\",\"url\":\"https:\/\/kojoon.com\/product\/luxury-hotel-furniture-customization-raffles-macau-signature-project\/\",\"name\":\"Luxury Hotel Furniture Customization | Raffles Macau Signature Project - kojoon.com\",\"isPartOf\":{\"@id\":\"https:\/\/kojoon.com\/it\/#website\"},\"primaryImageOfPage\":{\"@id\":\"https:\/\/kojoon.com\/product\/luxury-hotel-furniture-customization-raffles-macau-signature-project\/#primaryimage\"},\"image\":{\"@id\":\"https:\/\/kojoon.com\/product\/luxury-hotel-furniture-customization-raffles-macau-signature-project\/#primaryimage\"},\"thumbnailUrl\":\"https:\/\/kojoon.com\/wp-content\/uploads\/2026\/03\/Raffles-Hotel-5-800x800-1.jpg\",\"datePublished\":\"2026-03-30T02:01:26+00:00\",\"dateModified\":\"2026-03-31T02:53:09+00:00\",\"breadcrumb\":{\"@id\":\"https:\/\/kojoon.com\/product\/luxury-hotel-furniture-customization-raffles-macau-signature-project\/#breadcrumb\"},\"inLanguage\":\"vi\",\"potentialAction\":[{\"@type\":\"ReadAction\",\"target\":[\"https:\/\/kojoon.com\/product\/luxury-hotel-furniture-customization-raffles-macau-signature-project\/\"]}]},{\"@type\":\"ImageObject\",\"inLanguage\":\"vi\",\"@id\":\"https:\/\/kojoon.com\/product\/luxury-hotel-furniture-customization-raffles-macau-signature-project\/#primaryimage\",\"url\":\"https:\/\/kojoon.com\/wp-content\/uploads\/2026\/03\/Raffles-Hotel-5-800x800-1.jpg\",\"contentUrl\":\"https:\/\/kojoon.com\/wp-content\/uploads\/2026\/03\/Raffles-Hotel-5-800x800-1.jpg\",\"width\":800,\"height\":800,\"caption\":\"Raffles Hotel 5 800x800\"},{\"@type\":\"BreadcrumbList\",\"@id\":\"https:\/\/kojoon.com\/product\/luxury-hotel-furniture-customization-raffles-macau-signature-project\/#breadcrumb\",\"itemListElement\":[{\"@type\":\"ListItem\",\"position\":1,\"name\":\"Home\",\"item\":\"https:\/\/kojoon.com\/it\/\"},{\"@type\":\"ListItem\",\"position\":2,\"name\":\"\u5546\u5e97\",\"item\":\"https:\/\/kojoon.com\/it\/shop\/\"},{\"@type\":\"ListItem\",\"position\":3,\"name\":\"Luxury Hotel Furniture Customization | Raffles Macau Signature Project\"}]},{\"@type\":\"WebSite\",\"@id\":\"https:\/\/kojoon.com\/it\/#website\",\"url\":\"https:\/\/kojoon.com\/it\/\",\"name\":\"kojoon.com\",\"description\":\"One-stop Solution for Residential &amp; Commercial Building Projects\",\"potentialAction\":[{\"@type\":\"SearchAction\",\"target\":{\"@type\":\"EntryPoint\",\"urlTemplate\":\"https:\/\/kojoon.com\/it\/?s={search_term_string}\"},\"query-input\":{\"@type\":\"PropertyValueSpecification\",\"valueRequired\":true,\"valueName\":\"search_term_string\"}}],\"inLanguage\":\"vi\"}]}<\/script>\n<!-- \/ Yoast SEO Premium plugin. -->","yoast_head_json":{"title":"Thi\u1ebft k\u1ebf n\u1ed9i th\u1ea5t kh\u00e1ch s\u1ea1n cao c\u1ea5p theo y\u00eau c\u1ea7u | D\u1ef1 \u00e1n \u0111\u1eb7c tr\u01b0ng c\u1ee7a Raffles Macau - kojoon.com","robots":{"index":"index","follow":"follow","max-snippet":"max-snippet:-1","max-image-preview":"max-image-preview:large","max-video-preview":"max-video-preview:-1"},"canonical":"https:\/\/kojoon.com\/vi\/product\/du-an-dac-trung-cua-raffles-macau-ve-thiet-ke-noi-that-khach-san-cao-cap-theo-yeu-cau\/","og_locale":"vi_VN","og_type":"article","og_title":"Luxury Hotel Furniture Customization | Raffles Macau Signature Project","og_description":"Design Concept This kitchen embodies a refined minimalist aesthetic, elevated by a sleek dark wood veneer central island that infuses the space with understated natural elegance. Its clean lines and contemporary silhouette blend seamlessly into the open layout, enhancing the overall sense of refinement and modern sophistication. Color Palette &#038; Surface Treatment The deep tones [&hellip;]","og_url":"https:\/\/kojoon.com\/vi\/product\/du-an-dac-trung-cua-raffles-macau-ve-thiet-ke-noi-that-khach-san-cao-cap-theo-yeu-cau\/","og_site_name":"kojoon.com","article_modified_time":"2026-03-31T02:53:09+00:00","og_image":[{"width":800,"height":800,"url":"https:\/\/kojoon.com\/wp-content\/uploads\/2026\/03\/Raffles-Hotel-5-800x800-1.jpg","type":"image\/jpeg"}],"twitter_card":"summary_large_image","twitter_misc":{"\u01af\u1edbc t\u00ednh th\u1eddi gian \u0111\u1ecdc":"1 ph\u00fat"},"schema":{"@context":"https:\/\/schema.org","@graph":[{"@type":"WebPage","@id":"https:\/\/kojoon.com\/product\/luxury-hotel-furniture-customization-raffles-macau-signature-project\/","url":"https:\/\/kojoon.com\/product\/luxury-hotel-furniture-customization-raffles-macau-signature-project\/","name":"Thi\u1ebft k\u1ebf n\u1ed9i th\u1ea5t kh\u00e1ch s\u1ea1n cao c\u1ea5p theo y\u00eau c\u1ea7u | D\u1ef1 \u00e1n \u0111\u1eb7c tr\u01b0ng c\u1ee7a Raffles Macau - kojoon.com","isPartOf":{"@id":"https:\/\/kojoon.com\/it\/#website"},"primaryImageOfPage":{"@id":"https:\/\/kojoon.com\/product\/luxury-hotel-furniture-customization-raffles-macau-signature-project\/#primaryimage"},"image":{"@id":"https:\/\/kojoon.com\/product\/luxury-hotel-furniture-customization-raffles-macau-signature-project\/#primaryimage"},"thumbnailUrl":"https:\/\/kojoon.com\/wp-content\/uploads\/2026\/03\/Raffles-Hotel-5-800x800-1.jpg","datePublished":"2026-03-30T02:01:26+00:00","dateModified":"2026-03-31T02:53:09+00:00","breadcrumb":{"@id":"https:\/\/kojoon.com\/product\/luxury-hotel-furniture-customization-raffles-macau-signature-project\/#breadcrumb"},"inLanguage":"vi","potentialAction":[{"@type":"ReadAction","target":["https:\/\/kojoon.com\/product\/luxury-hotel-furniture-customization-raffles-macau-signature-project\/"]}]},{"@type":"ImageObject","inLanguage":"vi","@id":"https:\/\/kojoon.com\/product\/luxury-hotel-furniture-customization-raffles-macau-signature-project\/#primaryimage","url":"https:\/\/kojoon.com\/wp-content\/uploads\/2026\/03\/Raffles-Hotel-5-800x800-1.jpg","contentUrl":"https:\/\/kojoon.com\/wp-content\/uploads\/2026\/03\/Raffles-Hotel-5-800x800-1.jpg","width":800,"height":800,"caption":"Raffles Hotel 5 800x800"},{"@type":"BreadcrumbList","@id":"https:\/\/kojoon.com\/product\/luxury-hotel-furniture-customization-raffles-macau-signature-project\/#breadcrumb","itemListElement":[{"@type":"ListItem","position":1,"name":"Home","item":"https:\/\/kojoon.com\/it\/"},{"@type":"ListItem","position":2,"name":"\u5546\u5e97","item":"https:\/\/kojoon.com\/it\/shop\/"},{"@type":"ListItem","position":3,"name":"Luxury Hotel Furniture Customization | Raffles Macau Signature Project"}]},{"@type":"WebSite","@id":"https:\/\/kojoon.com\/it\/#website","url":"https:\/\/kojoon.com\/it\/","name":"kojoon.com","description":"Gi\u1ea3i ph\u00e1p tr\u1ecdn g\u00f3i cho c\u00e1c d\u1ef1 \u00e1n x\u00e2y d\u1ef1ng nh\u00e0 \u1edf v\u00e0 th\u01b0\u01a1ng m\u1ea1i","potentialAction":[{"@type":"SearchAction","target":{"@type":"EntryPoint","urlTemplate":"https:\/\/kojoon.com\/it\/?s={search_term_string}"},"query-input":{"@type":"PropertyValueSpecification","valueRequired":true,"valueName":"search_term_string"}}],"inLanguage":"vi"}]}},"_links":{"self":[{"href":"https:\/\/kojoon.com\/vi\/wp-json\/wp\/v2\/product\/676","targetHints":{"allow":["GET"]}}],"collection":[{"href":"https:\/\/kojoon.com\/vi\/wp-json\/wp\/v2\/product"}],"about":[{"href":"https:\/\/kojoon.com\/vi\/wp-json\/wp\/v2\/types\/product"}],"wp:featuredmedia":[{"embeddable":true,"href":"https:\/\/kojoon.com\/vi\/wp-json\/wp\/v2\/media\/678"}],"wp:attachment":[{"href":"https:\/\/kojoon.com\/vi\/wp-json\/wp\/v2\/media?parent=676"}],"wp:term":[{"taxonomy":"product_brand","embeddable":true,"href":"https:\/\/kojoon.com\/vi\/wp-json\/wp\/v2\/product_brand?post=676"},{"taxonomy":"product_cat","embeddable":true,"href":"https:\/\/kojoon.com\/vi\/wp-json\/wp\/v2\/product_cat?post=676"},{"taxonomy":"product_tag","embeddable":true,"href":"https:\/\/kojoon.com\/vi\/wp-json\/wp\/v2\/product_tag?post=676"}],"curies":[{"name":"wp","href":"https:\/\/api.w.org\/{rel}","templated":true}]}}