{"id":667,"date":"2026-03-30T01:50:01","date_gmt":"2026-03-30T01:50:01","guid":{"rendered":"https:\/\/kojoon.com\/?post_type=product&#038;p=667"},"modified":"2026-03-31T02:50:40","modified_gmt":"2026-03-31T02:50:40","slug":"tu-hinh-chu-l-giup-tan-dung-toi-da-khong-gian-trong-nhung-can-bep-nho","status":"publish","type":"product","link":"https:\/\/kojoon.com\/vi\/product\/tu-hinh-chu-l-giup-tan-dung-toi-da-khong-gian-trong-nhung-can-bep-nho\/","title":{"rendered":"T\u1ee7 b\u1ebfp h\u00ecnh ch\u1eef L: T\u1ed1i \u01b0u h\u00f3a kh\u00f4ng gian trong nh\u1eefng c\u0103n b\u1ebfp nh\u1ecf g\u1ecdn"},"content":{"rendered":"<div style=\"max-width: 1200px; margin: 40px auto; padding: 0 20px; font-family: -apple-system, BlinkMacSystemFont, 'Segoe UI', Roboto, sans-serif; line-height: 1.7; color: #333;\">\n<p>  <!-- \u7b2c\u4e00\u5757\uff1a\u6587\u5b57\u5de6 + \u56fe\u7247\u53f3 --><\/p>\n<div style=\"display: flex; flex-wrap: wrap; gap: 35px; align-items: center; margin-bottom: 60px;\">\n<div style=\"flex: 1; min-width: 300px;\">\n<h2 style=\"font-size: 26px; font-weight: 700; color: #1a1a1a; margin: 0 0 16px;\">Gi\u1edbi thi\u1ec7u s\u1ea3n ph\u1ea9m ch\u1ee7 l\u1ef1c<\/h2>\n<p style=\"font-size: 16px; margin: 0 0 24px;\">N\u00e2ng c\u1ea5p c\u0103n b\u1ebfp c\u1ee7a b\u1ea1n v\u1edbi <strong>T\u1ee7 h\u00ecnh ch\u1eef I Kojoon<\/strong>. V\u1edbi thi\u1ebft k\u1ebf thanh l\u1ecbch, g\u1ecdn g\u00e0ng, ch\u1ea5t li\u1ec7u cao c\u1ea5p b\u1ec1n b\u1ec9 v\u00e0 dung t\u00edch l\u01b0u tr\u1eef r\u1ed9ng r\u00e3i, nh\u1eefng chi\u1ebfc t\u1ee7 n\u00e0y l\u00e0 gi\u1ea3i ph\u00e1p ho\u00e0n h\u1ea3o cho nh\u1eefng kh\u00f4ng gian b\u1ebfp hi\u1ec7n \u0111\u1ea1i, nh\u1ecf g\u1ecdn, k\u1ebft h\u1ee3p gi\u1eefa phong c\u00e1ch tinh t\u1ebf v\u00e0 t\u00ednh n\u0103ng ti\u1ec7n d\u1ee5ng v\u01b0\u1ee3t tr\u1ed9i.<\/p>\n<h2 style=\"font-size: 22px; font-weight: 600; color: #1a1a1a; margin: 0 0 12px;\">\u00dd t\u01b0\u1edfng thi\u1ebft k\u1ebf<\/h2>\n<p style=\"font-size: 16px; margin: 0;\">T\u1ee7 b\u1ebfp h\u00ecnh ch\u1eef I Kojoon \u0111\u01b0\u1ee3c thi\u1ebft k\u1ebf t\u1ec9 m\u1ec9 nh\u1eb1m t\u1ed1i \u01b0u h\u00f3a kh\u00f4ng gian b\u1ebfp theo chi\u1ec1u d\u1ecdc, mang \u0111\u1ebfn m\u1ed9t b\u1ed1 c\u1ee5c g\u1ecdn g\u00e0ng, h\u00e0i h\u00f2a, n\u00e2ng t\u1ea7m c\u1ea3 v\u1ec1 th\u1ea9m m\u1ef9 l\u1eabn t\u00ednh n\u0103ng. V\u1edbi \u0111\u01b0\u1eddng n\u00e9t t\u1ed1i gi\u1ea3n nh\u01b0ng tinh t\u1ebf, s\u1ea3n ph\u1ea9m n\u00e0y h\u00f2a nh\u1eadp ho\u00e0n h\u1ea3o v\u00e0o c\u00e1c phong c\u00e1ch n\u1ed9i th\u1ea5t hi\u1ec7n \u0111\u1ea1i, t\u1ed1i gi\u1ea3n v\u00e0 chuy\u1ec3n ti\u1ebfp, tr\u00e1nh nh\u1eefng thi\u1ebft k\u1ebf r\u1ed1i m\u1eaft hay qu\u00e1 ph\u1ee9c t\u1ea1p. B\u1ed1 c\u1ee5c \u0111\u01b0\u1ee3c t\u00ednh to\u00e1n k\u1ef9 l\u01b0\u1ee1ng n\u00e0y \u01b0u ti\u00ean hi\u1ec7u qu\u1ea3 trong quy tr\u00ecnh l\u00e0m vi\u1ec7c, gi\u00fap s\u1ea3n ph\u1ea9m tr\u1edf n\u00ean v\u00f4 c\u00f9ng linh ho\u1ea1t cho c\u1ea3 nh\u1eefng c\u0103n b\u1ebfp \u0111\u00f4 th\u1ecb nh\u1ecf g\u1ecdn l\u1eabn kh\u00f4ng gian s\u1ed1ng m\u1edf, \u0111\u1ea3m b\u1ea3o tr\u1ea3i nghi\u1ec7m n\u1ea5u n\u01b0\u1edbng m\u01b0\u1ee3t m\u00e0, tr\u1ef1c quan m\u00e0 kh\u00f4ng l\u00e0m gi\u1ea3m \u0111i v\u1ebb \u0111\u1eb9p th\u1ea9m m\u1ef9.<\/p>\n<\/p><\/div>\n<div style=\"flex: 1; min-width: 300px; text-align: center;\">\n      <img decoding=\"async\" src=\"https:\/\/kojoon.com\/wp-content\/uploads\/2026\/03\/L-Shaped-Cabinets-Maximizing-Compact-Kitchen-Spaces-1-850x638-1-300x225.webp\" alt=\"T\u1ee7 b\u1ebfp h\u00ecnh ch\u1eef L gi\u00fap t\u1ed1i \u01b0u h\u00f3a kh\u00f4ng gian b\u1ebfp nh\u1ecf g\u1ecdn\" style=\"width: 100%; max-width: 550px; height: auto; border-radius: 8px; box-shadow: 0 2px 12px rgba(0,0,0,0.08);\">\n    <\/div>\n<\/p><\/div>\n<p>  <!-- \u7b2c\u4e8c\u5757\uff1a\u56fe\u7247\u5de6 + \u6587\u5b57\u53f3\uff08\u53cd\u5411\uff09 --><\/p>\n<div style=\"display: flex; flex-wrap: wrap; gap: 35px; align-items: center; margin-bottom: 60px; flex-direction: row-reverse;\">\n<div style=\"flex: 1; min-width: 300px;\">\n<h2 style=\"font-size: 22px; font-weight: 600; color: #1a1a1a; margin: 0 0 12px;\">B\u1ea3ng m\u00e0u v\u00e0 ph\u01b0\u01a1ng ph\u00e1p x\u1eed l\u00fd b\u1ec1 m\u1eb7t<\/h2>\n<p style=\"font-size: 16px; margin: 0 0 20px;\">\u0110\u01b0\u1ee3c thi\u1ebft k\u1ebf v\u1edbi b\u1ea3ng m\u00e0u trung t\u00ednh tinh t\u1ebf, b\u1ec1 m\u1eb7t m\u1edd v\u00e0 nh\u1eefng \u0111i\u1ec3m nh\u1ea5n nh\u1eb9 nh\u00e0ng t\u1eeb ph\u1ee5 ki\u1ec7n m\u00e0u \u0111en, t\u1ee7 b\u1ebfp Kojoon to\u00e1t l\u00ean v\u1ebb sang tr\u1ecdng v\u01b0\u1ee3t th\u1eddi gian, v\u1eeba h\u00f2a h\u1ee3p v\u1edbi xu h\u01b0\u1edbng b\u1ebfp hi\u1ec7n \u0111\u1ea1i v\u1eeba gi\u1eef \u0111\u01b0\u1ee3c phong c\u00e1ch b\u1ec1n v\u1eefng. L\u1edbp ho\u00e0n thi\u1ec7n b\u1ec1 m\u1eb7t ch\u1ea5t l\u01b0\u1ee3ng cao \u0111\u01b0\u1ee3c ch\u1ebf t\u1ea1o \u0111\u1eb7c bi\u1ec7t \u0111\u1ec3 ch\u1ed1ng l\u1ea1i v\u1ebft b\u1ea9n, v\u1ebft x\u01b0\u1edbc v\u00e0 d\u1ea5u v\u00e2n tay h\u00e0ng ng\u00e0y, gi\u00fap b\u1ea1n kh\u00f4ng c\u00f2n ph\u1ea3i lo l\u1eafng v\u1ec1 vi\u1ec7c ph\u1ea3i v\u1ec7 sinh s\u00e2u th\u01b0\u1eddng xuy\u00ean. L\u1edbp ho\u00e0n thi\u1ec7n b\u1ec1n b\u1ec9 n\u00e0y duy tr\u00ec v\u1ebb ngo\u00e0i b\u00f3ng b\u1ea9y nh\u01b0 m\u1edbi trong nhi\u1ec1u n\u0103m, gi\u1eef nguy\u00ean v\u1ebb \u0111\u1eb9p tinh t\u1ebf c\u1ee7a t\u1ee7 b\u1ebfp ngay c\u1ea3 khi s\u1eed d\u1ee5ng th\u01b0\u1eddng xuy\u00ean h\u00e0ng ng\u00e0y.<\/p>\n<h2 style=\"font-size: 22px; font-weight: 600; color: #1a1a1a; margin: 0 0 12px;\">C\u1ea5u tr\u00fac kh\u00f4ng gian<\/h2>\n<p style=\"font-size: 16px; margin: 0;\">B\u1ed1 c\u1ee5c h\u00ecnh ch\u1eef I t\u1ea1o ra s\u1ef1 c\u00e2n b\u1eb1ng ho\u00e0n h\u1ea3o gi\u1eefa kh\u00f4ng gian l\u01b0u tr\u1eef r\u1ed9ng r\u00e3i v\u00e0 khu v\u1ef1c l\u00e0m vi\u1ec7c ti\u1ec7n d\u1ee5ng, \u0111\u00e1p \u1ee9ng nh\u1eefng nhu c\u1ea7u c\u1ed1t l\u00f5i c\u1ee7a nh\u1eefng c\u0103n b\u1ebfp hi\u1ec7n \u0111\u1ea1i v\u00e0 c\u00f3 di\u1ec7n t\u00edch h\u1ea1n ch\u1ebf. C\u00e1c t\u1ee7 treo t\u01b0\u1eddng tr\u00ean cao v\u00e0 t\u1ee7 d\u01b0\u1edbi r\u1ed9ng r\u00e3i cung c\u1ea5p kh\u00f4ng gian l\u01b0u tr\u1eef ri\u00eang bi\u1ec7t v\u00e0 g\u1ecdn g\u00e0ng cho d\u1ee5ng c\u1ee5 n\u1ea5u n\u01b0\u1edbng, \u0111\u1ed3 d\u00f9ng nh\u00e0 b\u1ebfp, th\u1ef1c ph\u1ea9m d\u1ef1 tr\u1eef v\u00e0 c\u00e1c thi\u1ebft b\u1ecb gia d\u1ee5ng nh\u1ecf, gi\u00fap c\u00e1c v\u1eadt d\u1ee5ng thi\u1ebft y\u1ebfu lu\u00f4n trong t\u1ea7m tay m\u00e0 v\u1eabn duy tr\u00ec m\u1ed9t kh\u00f4ng gian g\u1ecdn g\u00e0ng, kh\u00f4ng l\u1ed9n x\u1ed9n. C\u1ea5u tr\u00fac tuy\u1ebfn t\u00ednh t\u1ed1i \u01b0u h\u00f3a vi\u1ec7c di chuy\u1ec3n trong b\u1ebfp, gi\u00fap quy tr\u00ecnh chu\u1ea9n b\u1ecb b\u1eefa \u0103n tr\u1edf n\u00ean tr\u00f4i ch\u1ea3y h\u01a1n, \u0111\u1ed3ng th\u1eddi n\u00e2ng cao c\u1ea3 th\u00f3i quen n\u1ea5u n\u01b0\u1edbng h\u00e0ng ng\u00e0y l\u1eabn nh\u1eefng tr\u1ea3i nghi\u1ec7m ti\u1ebfp kh\u00e1ch tho\u1ea3i m\u00e1i.<\/p>\n<\/p><\/div>\n<div style=\"flex: 1; min-width: 300px; text-align: center;\">\n      <img decoding=\"async\" src=\"https:\/\/kojoon.com\/wp-content\/uploads\/2026\/03\/L-Shaped-Cabinets-Maximizing-Compact-Kitchen-Spaces-2-850x638-1-300x225.webp\" alt=\"T\u1ee7 b\u1ebfp h\u00ecnh ch\u1eef L gi\u00fap t\u1ed1i \u01b0u h\u00f3a kh\u00f4ng gian b\u1ebfp nh\u1ecf g\u1ecdn\" style=\"width: 100%; max-width: 550px; height: auto; border-radius: 8px; box-shadow: 0 2px 12px rgba(0,0,0,0.08);\">\n    <\/div>\n<\/p><\/div>\n<p>  <!-- \u7b2c\u4e09\u5757\uff1a\u6587\u5b57\u5de6 + \u56fe\u7247\u53f3 --><\/p>\n<div style=\"display: flex; flex-wrap: wrap; gap: 35px; align-items: center; margin-bottom: 30px;\">\n<div style=\"flex: 1; min-width: 300px;\">\n<h2 style=\"font-size: 22px; font-weight: 600; color: #1a1a1a; margin: 0 0 12px;\">Ch\u1ea5t li\u1ec7u v\u00e0 k\u1ef9 thu\u1eadt ch\u1ebf t\u00e1c<\/h2>\n<p style=\"font-size: 16px; margin: 0 0 20px;\">\u0110\u01b0\u1ee3c ch\u1ebf t\u1ea1o t\u1eeb c\u00e1c v\u1eadt li\u1ec7u cao c\u1ea5p, th\u00e2n thi\u1ec7n v\u1edbi m\u00f4i tr\u01b0\u1eddng, t\u1ee7 Kojoon k\u1ebft h\u1ee3p \u0111\u1ed9 b\u1ec1n v\u01b0\u1ee3t tr\u1ed9i v\u1edbi c\u00e1c nguy\u00ean t\u1eafc thi\u1ebft k\u1ebf b\u1ec1n v\u1eefng, ph\u00f9 h\u1ee3p v\u1edbi c\u00e1c gi\u00e1 tr\u1ecb c\u1ee7a l\u1ed1i s\u1ed1ng hi\u1ec7n \u0111\u1ea1i. M\u1ed7i chi\u1ebfc t\u1ee7 \u0111\u1ec1u \u0111\u01b0\u1ee3c ch\u1ebf t\u00e1c th\u1ee7 c\u00f4ng m\u1ed9t c\u00e1ch tinh x\u1ea3o, v\u1edbi c\u00e1c c\u1ea1nh m\u1ecbn m\u00e0ng, kh\u00f4ng g\u1edd, c\u00e1c t\u1ea5m v\u00e1n \u0111\u01b0\u1ee3c l\u1eafp gh\u00e9p ho\u00e0n h\u1ea3o v\u00e0 l\u1edbp ho\u00e0n thi\u1ec7n cao c\u1ea5p, li\u1ec1n m\u1ea1ch, th\u1ec3 hi\u1ec7n s\u1ef1 ch\u00fa tr\u1ecdng t\u1ec9 m\u1ec9 \u0111\u1ebfn t\u1eebng chi ti\u1ebft. C\u1ea5u tr\u00fac ch\u1eafc ch\u1eafn, \u0111\u01b0\u1ee3c gia c\u1ed1 gi\u00fap t\u1ee7 ch\u1ecbu \u0111\u01b0\u1ee3c c\u01b0\u1eddng \u0111\u1ed9 s\u1eed d\u1ee5ng cao h\u00e0ng ng\u00e0y, \u0111\u1ea3m b\u1ea3o t\u00ednh to\u00e0n v\u1eb9n v\u1ec1 m\u1eb7t k\u1ebft c\u1ea5u l\u00e2u d\u00e0i v\u00e0 hi\u1ec7u su\u1ea5t \u1ed5n \u0111\u1ecbnh m\u00e0 kh\u00f4ng b\u1ecb m\u00f2n hay bi\u1ebfn d\u1ea1ng theo th\u1eddi gian.<\/p>\n<h2 style=\"font-size: 22px; font-weight: 600; color: #1a1a1a; margin: 0 0 12px;\">T\u00ednh n\u0103ng v\u00e0 T\u00ednh ti\u1ec7n d\u1ee5ng<\/h2>\n<p style=\"font-size: 16px; margin: 0;\">\u0110\u01b0\u1ee3c thi\u1ebft k\u1ebf v\u1edbi tr\u1ecdng t\u00e2m l\u00e0 nguy\u00ean t\u1eafc c\u00f4ng th\u00e1i h\u1ecdc l\u1ea5y ng\u01b0\u1eddi d\u00f9ng l\u00e0m trung t\u00e2m, t\u1eebng chi ti\u1ebft c\u1ee7a t\u1ee7 h\u00ecnh ch\u1eef I Kojoon \u0111\u1ec1u \u0111\u01b0\u1ee3c tinh ch\u1ec9nh \u0111\u1ec3 mang l\u1ea1i s\u1ef1 ti\u1ec7n l\u1ee3i t\u1ed1i \u0111a. \u0110\u01b0\u1ee3c trang b\u1ecb b\u1ea3n l\u1ec1 \u0111\u00f3ng \u00eam \u00e1i gi\u00fap ng\u0103n ch\u1eb7n ti\u1ebfng \u1ed3n v\u00e0 hao m\u00f2n, tay n\u1eafm thi\u1ebft k\u1ebf c\u00f4ng th\u00e1i h\u1ecdc cho c\u1ea3m gi\u00e1c c\u1ea7m n\u1eafm tho\u1ea3i m\u00e1i, c\u00f9ng c\u01a1 ch\u1ebf ng\u0103n k\u00e9o tr\u01b0\u1ee3t \u00eam \u00e1i gi\u00fap v\u1eadn h\u00e0nh m\u01b0\u1ee3t m\u00e0, nh\u1eefng chi\u1ebfc t\u1ee7 n\u00e0y mang \u0111\u1ebfn tr\u1ea3i nghi\u1ec7m y\u00ean t\u0129nh v\u00e0 ti\u1ec7n l\u1ee3i trong m\u1ed7i l\u1ea7n s\u1eed d\u1ee5ng. Thi\u1ebft k\u1ebf tr\u1ef1c quan gi\u00fap vi\u1ec7c l\u1ea5y \u0111\u1ed3 d\u1ec5 d\u00e0ng h\u01a1n, h\u1ed7 tr\u1ee3 vi\u1ec7c s\u1eafp x\u1ebfp nh\u00e0 b\u1ebfp hi\u1ec7u qu\u1ea3 v\u00e0 th\u00edch \u1ee9ng ho\u00e0n h\u1ea3o v\u1edbi vi\u1ec7c chu\u1ea9n b\u1ecb b\u1eefa \u0103n h\u00e0ng ng\u00e0y, n\u1ea5u n\u01b0\u1edbng cho gia \u0111\u00ecnh v\u00e0 ti\u1ebfp kh\u00e1ch, gi\u00fap c\u00e1c c\u00f4ng vi\u1ec7c nh\u00e0 b\u1ebfp h\u00e0ng ng\u00e0y tr\u1edf n\u00ean su\u00f4n s\u1ebb v\u00e0 th\u00fa v\u1ecb h\u01a1n.<\/p>\n<\/p><\/div>\n<div style=\"flex: 1; min-width: 300px; text-align: center;\">\n      <img decoding=\"async\" src=\"https:\/\/kojoon.com\/wp-content\/uploads\/2026\/03\/L-Shaped-Cabinets-Maximizing-Compact-Kitchen-Spaces-4-850x638-1-300x225.webp\" alt=\"T\u1ee7 b\u1ebfp h\u00ecnh ch\u1eef L gi\u00fap t\u1ed1i \u01b0u h\u00f3a kh\u00f4ng gian b\u1ebfp nh\u1ecf g\u1ecdn\" style=\"width: 100%; max-width: 550px; height: auto; border-radius: 8px; box-shadow: 0 2px 12px rgba(0,0,0,0.08);\">\n    <\/div>\n<\/p><\/div>\n<\/div>","protected":false},"excerpt":{"rendered":"<p>Core Product Introduction Upgrade your kitchen with Kojoon I-shaped cabinets. Featuring a sleek, streamlined design, durable premium construction, and generous storage capacity, these cabinets are the perfect solution for modern, compact kitchen spaces, blending effortless style with uncompromising functionality. Design Concept The Kojoon I-shaped cabinet is meticulously engineered to optimize linear kitchen space, delivering a [&hellip;]<\/p>\n","protected":false},"featured_media":671,"template":"","meta":{"_acf_changed":false},"product_brand":[],"product_cat":[32,31],"product_tag":[],"class_list":{"0":"post-667","1":"product","2":"type-product","3":"status-publish","4":"has-post-thumbnail","6":"product_cat-kitchen-cabinet","7":"product_cat-kitchen-cabinetry","9":"first","10":"instock","11":"shipping-taxable","12":"product-type-simple"},"acf":[],"yoast_head":"<!-- This site is optimized with the Yoast SEO Premium plugin v23.6 (Yoast SEO v23.6) - https:\/\/yoast.com\/wordpress\/plugins\/seo\/ -->\n<title>L-Shaped Cabinets: Maximize Space in Compact Kitchens - kojoon.com<\/title>\n<meta name=\"robots\" content=\"index, follow, max-snippet:-1, max-image-preview:large, max-video-preview:-1\" \/>\n<link rel=\"canonical\" href=\"https:\/\/kojoon.com\/vi\/product\/tu-hinh-chu-l-giup-tan-dung-toi-da-khong-gian-trong-nhung-can-bep-nho\/\" \/>\n<meta property=\"og:locale\" content=\"vi_VN\" \/>\n<meta property=\"og:type\" content=\"article\" \/>\n<meta property=\"og:title\" content=\"L-Shaped Cabinets: Maximize Space in Compact Kitchens\" \/>\n<meta property=\"og:description\" content=\"Core Product Introduction Upgrade your kitchen with Kojoon I-shaped cabinets. Featuring a sleek, streamlined design, durable premium construction, and generous storage capacity, these cabinets are the perfect solution for modern, compact kitchen spaces, blending effortless style with uncompromising functionality. Design Concept The Kojoon I-shaped cabinet is meticulously engineered to optimize linear kitchen space, delivering a [&hellip;]\" \/>\n<meta property=\"og:url\" content=\"https:\/\/kojoon.com\/vi\/product\/tu-hinh-chu-l-giup-tan-dung-toi-da-khong-gian-trong-nhung-can-bep-nho\/\" \/>\n<meta property=\"og:site_name\" content=\"kojoon.com\" \/>\n<meta property=\"article:modified_time\" content=\"2026-03-31T02:50:40+00:00\" \/>\n<meta property=\"og:image\" content=\"https:\/\/kojoon.com\/wp-content\/uploads\/2026\/03\/L-Shaped-Cabinets-Maximizing-Compact-Kitchen-Spaces-3-1024x576.jpg\" \/>\n\t<meta property=\"og:image:width\" content=\"1024\" \/>\n\t<meta property=\"og:image:height\" content=\"576\" \/>\n\t<meta property=\"og:image:type\" content=\"image\/jpeg\" \/>\n<meta name=\"twitter:card\" content=\"summary_large_image\" \/>\n<meta name=\"twitter:label1\" content=\"\u01af\u1edbc t\u00ednh th\u1eddi gian \u0111\u1ecdc\" \/>\n\t<meta name=\"twitter:data1\" content=\"2 ph\u00fat\" \/>\n<script type=\"application\/ld+json\" class=\"yoast-schema-graph\">{\"@context\":\"https:\/\/schema.org\",\"@graph\":[{\"@type\":\"WebPage\",\"@id\":\"https:\/\/kojoon.com\/zh\/product\/l-%e5%9e%8b%e6%a9%b1%e6%9f%9c%e5%8f%af%e6%9c%80%e5%a4%a7%e9%99%90%e5%ba%a6%e5%9c%b0%e5%88%a9%e7%94%a8%e7%b4%a7%e5%87%91%e5%9e%8b%e5%8e%a8%e6%88%bf%e7%9a%84%e7%a9%ba%e9%97%b4\/\",\"url\":\"https:\/\/kojoon.com\/zh\/product\/l-%e5%9e%8b%e6%a9%b1%e6%9f%9c%e5%8f%af%e6%9c%80%e5%a4%a7%e9%99%90%e5%ba%a6%e5%9c%b0%e5%88%a9%e7%94%a8%e7%b4%a7%e5%87%91%e5%9e%8b%e5%8e%a8%e6%88%bf%e7%9a%84%e7%a9%ba%e9%97%b4\/\",\"name\":\"L-Shaped Cabinets: Maximize Space in Compact Kitchens - kojoon.com\",\"isPartOf\":{\"@id\":\"https:\/\/kojoon.com\/it\/#website\"},\"primaryImageOfPage\":{\"@id\":\"https:\/\/kojoon.com\/zh\/product\/l-%e5%9e%8b%e6%a9%b1%e6%9f%9c%e5%8f%af%e6%9c%80%e5%a4%a7%e9%99%90%e5%ba%a6%e5%9c%b0%e5%88%a9%e7%94%a8%e7%b4%a7%e5%87%91%e5%9e%8b%e5%8e%a8%e6%88%bf%e7%9a%84%e7%a9%ba%e9%97%b4\/#primaryimage\"},\"image\":{\"@id\":\"https:\/\/kojoon.com\/zh\/product\/l-%e5%9e%8b%e6%a9%b1%e6%9f%9c%e5%8f%af%e6%9c%80%e5%a4%a7%e9%99%90%e5%ba%a6%e5%9c%b0%e5%88%a9%e7%94%a8%e7%b4%a7%e5%87%91%e5%9e%8b%e5%8e%a8%e6%88%bf%e7%9a%84%e7%a9%ba%e9%97%b4\/#primaryimage\"},\"thumbnailUrl\":\"https:\/\/kojoon.com\/wp-content\/uploads\/2026\/03\/L-Shaped-Cabinets-Maximizing-Compact-Kitchen-Spaces-3.jpg\",\"datePublished\":\"2026-03-30T01:50:01+00:00\",\"dateModified\":\"2026-03-31T02:50:40+00:00\",\"breadcrumb\":{\"@id\":\"https:\/\/kojoon.com\/zh\/product\/l-%e5%9e%8b%e6%a9%b1%e6%9f%9c%e5%8f%af%e6%9c%80%e5%a4%a7%e9%99%90%e5%ba%a6%e5%9c%b0%e5%88%a9%e7%94%a8%e7%b4%a7%e5%87%91%e5%9e%8b%e5%8e%a8%e6%88%bf%e7%9a%84%e7%a9%ba%e9%97%b4\/#breadcrumb\"},\"inLanguage\":\"vi\",\"potentialAction\":[{\"@type\":\"ReadAction\",\"target\":[\"https:\/\/kojoon.com\/zh\/product\/l-%e5%9e%8b%e6%a9%b1%e6%9f%9c%e5%8f%af%e6%9c%80%e5%a4%a7%e9%99%90%e5%ba%a6%e5%9c%b0%e5%88%a9%e7%94%a8%e7%b4%a7%e5%87%91%e5%9e%8b%e5%8e%a8%e6%88%bf%e7%9a%84%e7%a9%ba%e9%97%b4\/\"]}]},{\"@type\":\"ImageObject\",\"inLanguage\":\"vi\",\"@id\":\"https:\/\/kojoon.com\/zh\/product\/l-%e5%9e%8b%e6%a9%b1%e6%9f%9c%e5%8f%af%e6%9c%80%e5%a4%a7%e9%99%90%e5%ba%a6%e5%9c%b0%e5%88%a9%e7%94%a8%e7%b4%a7%e5%87%91%e5%9e%8b%e5%8e%a8%e6%88%bf%e7%9a%84%e7%a9%ba%e9%97%b4\/#primaryimage\",\"url\":\"https:\/\/kojoon.com\/wp-content\/uploads\/2026\/03\/L-Shaped-Cabinets-Maximizing-Compact-Kitchen-Spaces-3.jpg\",\"contentUrl\":\"https:\/\/kojoon.com\/wp-content\/uploads\/2026\/03\/L-Shaped-Cabinets-Maximizing-Compact-Kitchen-Spaces-3.jpg\",\"width\":2560,\"height\":1440,\"caption\":\"L Shaped Cabinets Maximizing Compact Kitchen Spaces 3\"},{\"@type\":\"BreadcrumbList\",\"@id\":\"https:\/\/kojoon.com\/zh\/product\/l-%e5%9e%8b%e6%a9%b1%e6%9f%9c%e5%8f%af%e6%9c%80%e5%a4%a7%e9%99%90%e5%ba%a6%e5%9c%b0%e5%88%a9%e7%94%a8%e7%b4%a7%e5%87%91%e5%9e%8b%e5%8e%a8%e6%88%bf%e7%9a%84%e7%a9%ba%e9%97%b4\/#breadcrumb\",\"itemListElement\":[{\"@type\":\"ListItem\",\"position\":1,\"name\":\"Home\",\"item\":\"https:\/\/kojoon.com\/it\/\"},{\"@type\":\"ListItem\",\"position\":2,\"name\":\"\u5546\u5e97\",\"item\":\"https:\/\/kojoon.com\/it\/shop\/\"},{\"@type\":\"ListItem\",\"position\":3,\"name\":\"L-Shaped Cabinets: Maximize Space in Compact Kitchens\"}]},{\"@type\":\"WebSite\",\"@id\":\"https:\/\/kojoon.com\/it\/#website\",\"url\":\"https:\/\/kojoon.com\/it\/\",\"name\":\"kojoon.com\",\"description\":\"One-stop Solution for Residential &amp; Commercial Building Projects\",\"potentialAction\":[{\"@type\":\"SearchAction\",\"target\":{\"@type\":\"EntryPoint\",\"urlTemplate\":\"https:\/\/kojoon.com\/it\/?s={search_term_string}\"},\"query-input\":{\"@type\":\"PropertyValueSpecification\",\"valueRequired\":true,\"valueName\":\"search_term_string\"}}],\"inLanguage\":\"vi\"}]}<\/script>\n<!-- \/ Yoast SEO Premium plugin. -->","yoast_head_json":{"title":"T\u1ee7 b\u1ebfp h\u00ecnh ch\u1eef L: T\u1ed1i \u01b0u h\u00f3a kh\u00f4ng gian trong b\u1ebfp nh\u1ecf - kojoon.com","robots":{"index":"index","follow":"follow","max-snippet":"max-snippet:-1","max-image-preview":"max-image-preview:large","max-video-preview":"max-video-preview:-1"},"canonical":"https:\/\/kojoon.com\/vi\/product\/tu-hinh-chu-l-giup-tan-dung-toi-da-khong-gian-trong-nhung-can-bep-nho\/","og_locale":"vi_VN","og_type":"article","og_title":"L-Shaped Cabinets: Maximize Space in Compact Kitchens","og_description":"Core Product Introduction Upgrade your kitchen with Kojoon I-shaped cabinets. Featuring a sleek, streamlined design, durable premium construction, and generous storage capacity, these cabinets are the perfect solution for modern, compact kitchen spaces, blending effortless style with uncompromising functionality. Design Concept The Kojoon I-shaped cabinet is meticulously engineered to optimize linear kitchen space, delivering a [&hellip;]","og_url":"https:\/\/kojoon.com\/vi\/product\/tu-hinh-chu-l-giup-tan-dung-toi-da-khong-gian-trong-nhung-can-bep-nho\/","og_site_name":"kojoon.com","article_modified_time":"2026-03-31T02:50:40+00:00","og_image":[{"width":1024,"height":576,"url":"https:\/\/kojoon.com\/wp-content\/uploads\/2026\/03\/L-Shaped-Cabinets-Maximizing-Compact-Kitchen-Spaces-3-1024x576.jpg","type":"image\/jpeg"}],"twitter_card":"summary_large_image","twitter_misc":{"\u01af\u1edbc t\u00ednh th\u1eddi gian \u0111\u1ecdc":"2 ph\u00fat"},"schema":{"@context":"https:\/\/schema.org","@graph":[{"@type":"WebPage","@id":"https:\/\/kojoon.com\/zh\/product\/l-%e5%9e%8b%e6%a9%b1%e6%9f%9c%e5%8f%af%e6%9c%80%e5%a4%a7%e9%99%90%e5%ba%a6%e5%9c%b0%e5%88%a9%e7%94%a8%e7%b4%a7%e5%87%91%e5%9e%8b%e5%8e%a8%e6%88%bf%e7%9a%84%e7%a9%ba%e9%97%b4\/","url":"https:\/\/kojoon.com\/zh\/product\/l-%e5%9e%8b%e6%a9%b1%e6%9f%9c%e5%8f%af%e6%9c%80%e5%a4%a7%e9%99%90%e5%ba%a6%e5%9c%b0%e5%88%a9%e7%94%a8%e7%b4%a7%e5%87%91%e5%9e%8b%e5%8e%a8%e6%88%bf%e7%9a%84%e7%a9%ba%e9%97%b4\/","name":"T\u1ee7 b\u1ebfp h\u00ecnh ch\u1eef L: T\u1ed1i \u01b0u h\u00f3a kh\u00f4ng gian trong b\u1ebfp nh\u1ecf - kojoon.com","isPartOf":{"@id":"https:\/\/kojoon.com\/it\/#website"},"primaryImageOfPage":{"@id":"https:\/\/kojoon.com\/zh\/product\/l-%e5%9e%8b%e6%a9%b1%e6%9f%9c%e5%8f%af%e6%9c%80%e5%a4%a7%e9%99%90%e5%ba%a6%e5%9c%b0%e5%88%a9%e7%94%a8%e7%b4%a7%e5%87%91%e5%9e%8b%e5%8e%a8%e6%88%bf%e7%9a%84%e7%a9%ba%e9%97%b4\/#primaryimage"},"image":{"@id":"https:\/\/kojoon.com\/zh\/product\/l-%e5%9e%8b%e6%a9%b1%e6%9f%9c%e5%8f%af%e6%9c%80%e5%a4%a7%e9%99%90%e5%ba%a6%e5%9c%b0%e5%88%a9%e7%94%a8%e7%b4%a7%e5%87%91%e5%9e%8b%e5%8e%a8%e6%88%bf%e7%9a%84%e7%a9%ba%e9%97%b4\/#primaryimage"},"thumbnailUrl":"https:\/\/kojoon.com\/wp-content\/uploads\/2026\/03\/L-Shaped-Cabinets-Maximizing-Compact-Kitchen-Spaces-3.jpg","datePublished":"2026-03-30T01:50:01+00:00","dateModified":"2026-03-31T02:50:40+00:00","breadcrumb":{"@id":"https:\/\/kojoon.com\/zh\/product\/l-%e5%9e%8b%e6%a9%b1%e6%9f%9c%e5%8f%af%e6%9c%80%e5%a4%a7%e9%99%90%e5%ba%a6%e5%9c%b0%e5%88%a9%e7%94%a8%e7%b4%a7%e5%87%91%e5%9e%8b%e5%8e%a8%e6%88%bf%e7%9a%84%e7%a9%ba%e9%97%b4\/#breadcrumb"},"inLanguage":"vi","potentialAction":[{"@type":"ReadAction","target":["https:\/\/kojoon.com\/zh\/product\/l-%e5%9e%8b%e6%a9%b1%e6%9f%9c%e5%8f%af%e6%9c%80%e5%a4%a7%e9%99%90%e5%ba%a6%e5%9c%b0%e5%88%a9%e7%94%a8%e7%b4%a7%e5%87%91%e5%9e%8b%e5%8e%a8%e6%88%bf%e7%9a%84%e7%a9%ba%e9%97%b4\/"]}]},{"@type":"ImageObject","inLanguage":"vi","@id":"https:\/\/kojoon.com\/zh\/product\/l-%e5%9e%8b%e6%a9%b1%e6%9f%9c%e5%8f%af%e6%9c%80%e5%a4%a7%e9%99%90%e5%ba%a6%e5%9c%b0%e5%88%a9%e7%94%a8%e7%b4%a7%e5%87%91%e5%9e%8b%e5%8e%a8%e6%88%bf%e7%9a%84%e7%a9%ba%e9%97%b4\/#primaryimage","url":"https:\/\/kojoon.com\/wp-content\/uploads\/2026\/03\/L-Shaped-Cabinets-Maximizing-Compact-Kitchen-Spaces-3.jpg","contentUrl":"https:\/\/kojoon.com\/wp-content\/uploads\/2026\/03\/L-Shaped-Cabinets-Maximizing-Compact-Kitchen-Spaces-3.jpg","width":2560,"height":1440,"caption":"L Shaped Cabinets Maximizing Compact Kitchen Spaces 3"},{"@type":"BreadcrumbList","@id":"https:\/\/kojoon.com\/zh\/product\/l-%e5%9e%8b%e6%a9%b1%e6%9f%9c%e5%8f%af%e6%9c%80%e5%a4%a7%e9%99%90%e5%ba%a6%e5%9c%b0%e5%88%a9%e7%94%a8%e7%b4%a7%e5%87%91%e5%9e%8b%e5%8e%a8%e6%88%bf%e7%9a%84%e7%a9%ba%e9%97%b4\/#breadcrumb","itemListElement":[{"@type":"ListItem","position":1,"name":"Home","item":"https:\/\/kojoon.com\/it\/"},{"@type":"ListItem","position":2,"name":"\u5546\u5e97","item":"https:\/\/kojoon.com\/it\/shop\/"},{"@type":"ListItem","position":3,"name":"L-Shaped Cabinets: Maximize Space in Compact Kitchens"}]},{"@type":"WebSite","@id":"https:\/\/kojoon.com\/it\/#website","url":"https:\/\/kojoon.com\/it\/","name":"kojoon.com","description":"Gi\u1ea3i ph\u00e1p tr\u1ecdn g\u00f3i cho c\u00e1c d\u1ef1 \u00e1n x\u00e2y d\u1ef1ng nh\u00e0 \u1edf v\u00e0 th\u01b0\u01a1ng m\u1ea1i","potentialAction":[{"@type":"SearchAction","target":{"@type":"EntryPoint","urlTemplate":"https:\/\/kojoon.com\/it\/?s={search_term_string}"},"query-input":{"@type":"PropertyValueSpecification","valueRequired":true,"valueName":"search_term_string"}}],"inLanguage":"vi"}]}},"_links":{"self":[{"href":"https:\/\/kojoon.com\/vi\/wp-json\/wp\/v2\/product\/667","targetHints":{"allow":["GET"]}}],"collection":[{"href":"https:\/\/kojoon.com\/vi\/wp-json\/wp\/v2\/product"}],"about":[{"href":"https:\/\/kojoon.com\/vi\/wp-json\/wp\/v2\/types\/product"}],"wp:featuredmedia":[{"embeddable":true,"href":"https:\/\/kojoon.com\/vi\/wp-json\/wp\/v2\/media\/671"}],"wp:attachment":[{"href":"https:\/\/kojoon.com\/vi\/wp-json\/wp\/v2\/media?parent=667"}],"wp:term":[{"taxonomy":"product_brand","embeddable":true,"href":"https:\/\/kojoon.com\/vi\/wp-json\/wp\/v2\/product_brand?post=667"},{"taxonomy":"product_cat","embeddable":true,"href":"https:\/\/kojoon.com\/vi\/wp-json\/wp\/v2\/product_cat?post=667"},{"taxonomy":"product_tag","embeddable":true,"href":"https:\/\/kojoon.com\/vi\/wp-json\/wp\/v2\/product_tag?post=667"}],"curies":[{"name":"wp","href":"https:\/\/api.w.org\/{rel}","templated":true}]}}