{"id":466,"date":"2026-03-26T08:22:48","date_gmt":"2026-03-26T08:22:48","guid":{"rendered":"https:\/\/kojoon.com\/?post_type=product&#038;p=466"},"modified":"2026-03-31T02:41:53","modified_gmt":"2026-03-31T02:41:53","slug":"tu-bep-mau-den-mo-hien-dai-voi-he-thong-ngan-keo-an","status":"publish","type":"product","link":"https:\/\/kojoon.com\/vi\/product\/tu-bep-mau-den-mo-hien-dai-voi-he-thong-ngan-keo-an\/","title":{"rendered":"T\u1ee7 b\u1ebfp m\u00e0u \u0111en m\u1edd hi\u1ec7n \u0111\u1ea1i v\u1edbi h\u1ec7 th\u1ed1ng ng\u0103n k\u00e9o \u1ea9n"},"content":{"rendered":"<div style=\"max-width: 1200px; margin: 40px auto; padding: 0 20px; font-family: -apple-system, BlinkMacSystemFont, 'Segoe UI', Roboto, sans-serif; line-height: 1.7; color: #333;\">\n<p><!-- \u7b2c\u4e00\u90e8\u5206\uff1a\u6807\u9898 + \u53f3\u4fa7\u56fe --><\/p>\n<div style=\"display: flex; flex-wrap: wrap; gap: 30px; align-items: center; margin-bottom: 50px;\">\n<div style=\"flex: 1; min-width: 300px;\">\n<h1 style=\"font-size: 32px; font-weight: bold; color: #1a1a1a; margin: 0 0 15px;\">N\u00e2ng c\u1ea5p c\u0103n b\u1ebfp c\u1ee7a b\u1ea1n v\u1edbi t\u1ee7 b\u1ebfp m\u00e0u \u0111en m\u1edd<\/h1>\n<p style=\"font-size: 16px; margin: 0 0 20px;\">H\u00e3y n\u00e2ng t\u1ea7m kh\u00f4ng gian b\u1ebfp c\u1ee7a b\u1ea1n v\u1edbi nh\u1eefng chi\u1ebfc t\u1ee7 b\u1ebfp m\u00e0u \u0111en m\u1edd sang tr\u1ecdng. B\u1ec1n b\u1ec9, d\u1ec5 b\u1ea3o qu\u1ea3n v\u00e0 \u0111\u01b0\u1ee3c thi\u1ebft k\u1ebf tinh t\u1ebf, ch\u00fang mang \u0111\u1ebfn nh\u1eefng gi\u1ea3i ph\u00e1p l\u01b0u tr\u1eef th\u00f4ng minh c\u00f9ng v\u1ebb \u0111\u1eb9p v\u01b0\u1ee3t th\u1eddi gian.<\/p>\n<h2 style=\"font-size: 22px; font-weight: 600; color: #1a1a1a; margin: 25px 0 12px;\">\u00dd t\u01b0\u1edfng thi\u1ebft k\u1ebf<\/h2>\n<p style=\"font-size: 16px; margin: 0;\">Thi\u1ebft k\u1ebf n\u00e0y \u0111\u1ea1t \u0111\u01b0\u1ee3c s\u1ef1 c\u00e2n b\u1eb1ng ho\u00e0n h\u1ea3o gi\u1eefa phong c\u00e1ch t\u1ed1i gi\u1ea3n hi\u1ec7n \u0111\u1ea1i v\u00e0 t\u00ednh ti\u1ec7n d\u1ee5ng trong cu\u1ed9c s\u1ed1ng h\u00e0ng ng\u00e0y. Nh\u1eefng \u0111\u01b0\u1eddng n\u00e9t g\u1ecdn g\u00e0ng c\u00f9ng c\u00e1c ng\u0103n k\u00e9o kh\u00f4ng tay n\u1eafm t\u1ea1o n\u00ean m\u1ed9t v\u1ebb \u0111\u1eb9p li\u1ec1n m\u1ea1ch, g\u1ecdn g\u00e0ng, trong khi m\u1eb7t b\u00e0n r\u1ed9ng r\u00e3i v\u00e0 kh\u00f4ng gian l\u01b0u tr\u1eef d\u1ed3i d\u00e0o \u0111\u1ea3m b\u1ea3o t\u00ednh ti\u1ec7n d\u1ee5ng v\u01b0\u1ee3t tr\u1ed9i. L\u00fd t\u01b0\u1edfng cho c\u00e1c c\u0103n b\u1ebfp hi\u1ec7n \u0111\u1ea1i, thi\u1ebft k\u1ebf n\u00e0y k\u1ebft h\u1ee3p s\u1ef1 thanh l\u1ecbch v\u1ec1 m\u1eb7t th\u1ecb gi\u00e1c v\u1edbi vi\u1ec7c t\u1eadn d\u1ee5ng kh\u00f4ng gian m\u1ed9t c\u00e1ch hi\u1ec7u qu\u1ea3 cao.<\/p>\n<\/div>\n<div style=\"flex: 1; min-width: 300px; text-align: center;\"><img decoding=\"async\" style=\"width: 100%; max-width: 520px; height: auto; border-radius: 8px; box-shadow: 0 2px 12px rgba(0,0,0,0.08);\" src=\"https:\/\/kojoon.com\/wp-content\/uploads\/2026\/03\/Matte-Black-Cabinets-with-Hidden-Pull-Out-Drawers-300x169.webp\" alt=\"T\u1ee7 m\u00e0u \u0111en m\u1edd v\u1edbi ng\u0103n k\u00e9o \u1ea9n\" \/><\/div>\n<\/div>\n<p><!-- \u7b2c\u4e8c\u90e8\u5206\uff1a\u5de6\u4fa7\u56fe + \u53f3\u4fa7\u6587\u5b57 --><\/p>\n<div style=\"display: flex; flex-wrap: wrap; gap: 30px; align-items: center; margin-bottom: 50px; flex-direction: row-reverse;\">\n<div style=\"flex: 1; min-width: 300px;\">\n<h2 style=\"font-size: 22px; font-weight: 600; color: #1a1a1a; margin: 0 0 12px;\">B\u1ea3ng m\u00e0u v\u00e0 ph\u01b0\u01a1ng ph\u00e1p x\u1eed l\u00fd b\u1ec1 m\u1eb7t<\/h2>\n<p style=\"font-size: 16px; margin: 0 0 15px;\">L\u1edbp ho\u00e0n thi\u1ec7n m\u00e0u \u0111en m\u1edd mang \u0111\u1ebfn v\u1ebb sang tr\u1ecdng tinh t\u1ebf v\u00e0 d\u1ec5 d\u00e0ng h\u00f2a h\u1ee3p v\u1edbi nhi\u1ec1u phong c\u00e1ch n\u1ed9i th\u1ea5t kh\u00e1c nhau, t\u1eeb c\u00f4ng nghi\u1ec7p \u0111\u1ebfn hi\u1ec7n \u0111\u1ea1i thanh l\u1ecbch. B\u1ec1 m\u1eb7t ch\u1ed1ng b\u00e1m v\u00e2n tay v\u00e0 tr\u1ea7y x\u01b0\u1edbc, gi\u00fap duy tr\u00ec v\u1ebb \u0111\u1eb9p tinh t\u1ebf theo th\u1eddi gian. \u0110\u01b0\u1ee3c ch\u1ebf t\u00e1c t\u1eeb c\u00e1c v\u1eadt li\u1ec7u d\u1ec5 lau ch\u00f9i, s\u1ea3n ph\u1ea9m gi\u00fap gi\u1ea3m b\u1edbt c\u00f4ng vi\u1ec7c b\u1ea3o d\u01b0\u1ee1ng h\u00e0ng ng\u00e0y \u2014 m\u1ed9t l\u1ee3i th\u1ebf kh\u00f4ng th\u1ec3 thi\u1ebfu \u0111\u1ed1i v\u1edbi nh\u1eefng gia \u0111\u00ecnh b\u1eadn r\u1ed9n.<\/p>\n<h2 style=\"font-size: 22px; font-weight: 600; color: #1a1a1a; margin: 20px 0 12px;\">C\u1ea5u tr\u00fac kh\u00f4ng gian<\/h2>\n<p style=\"font-size: 16px; margin: 0 0 15px;\">T\u1eadn d\u1ee5ng t\u1ed1i \u0111a t\u1eebng centimet trong c\u0103n b\u1ebfp c\u1ee7a b\u1ea1n v\u1edbi c\u00e1c ng\u0103n k\u00e9o \u1ea9n c\u00f3 th\u1ec3 k\u00e9o ra v\u00e0 t\u1ee7 b\u1ebfp cao t\u1eeb s\u00e0n \u0111\u1ebfn tr\u1ea7n. Nh\u1eefng gi\u1ea3i ph\u00e1p l\u01b0u tr\u1eef th\u00f4ng minh n\u00e0y ph\u00f9 h\u1ee3p v\u1edbi m\u1ecdi k\u00edch th\u01b0\u1edbc b\u1ebfp, gi\u00fap s\u1eafp x\u1ebfp g\u1ecdn g\u00e0ng d\u1ee5ng c\u1ee5 n\u1ea5u n\u01b0\u1edbng, th\u1ef1c ph\u1ea9m v\u00e0 c\u00e1c thi\u1ebft b\u1ecb gia d\u1ee5ng nh\u1ecf, \u0111\u1ed3ng th\u1eddi v\u1eabn gi\u1eef \u0111\u01b0\u1ee3c kh\u00f4ng gian tho\u00e1ng \u0111\u00e3ng v\u00e0 r\u1ed9ng r\u00e3i.<\/p>\n<h2 style=\"font-size: 22px; font-weight: 600; color: #1a1a1a; margin: 20px 0 12px;\">Ch\u1ea5t li\u1ec7u v\u00e0 k\u1ef9 thu\u1eadt ch\u1ebf t\u00e1c<\/h2>\n<p style=\"font-size: 16px; margin: 0;\">\u0110\u01b0\u1ee3c ch\u1ebf t\u1ea1o t\u1eeb c\u00e1c v\u1eadt li\u1ec7u cao c\u1ea5p v\u00e0 th\u00e2n thi\u1ec7n v\u1edbi m\u00f4i tr\u01b0\u1eddng, nh\u1eefng chi\u1ebfc t\u1ee7 n\u00e0y k\u1ebft h\u1ee3p gi\u1eefa \u0111\u1ed9 b\u1ec1n l\u00e2u d\u00e0i v\u00e0 thi\u1ebft k\u1ebf b\u1ec1n v\u1eefng. Quy tr\u00ecnh ch\u1ebf t\u1ea1o ch\u00ednh x\u00e1c c\u00f9ng c\u00e1c ph\u1ee5 ki\u1ec7n ch\u1ea5t l\u01b0\u1ee3ng cao \u0111\u1ea3m b\u1ea3o ho\u1ea1t \u0111\u1ed9ng tr\u01a1n tru v\u00e0 gi\u1ea3m thi\u1ec3u hao m\u00f2n, mang l\u1ea1i gi\u00e1 tr\u1ecb l\u00e2u d\u00e0i v\u01b0\u1ee3t tr\u1ed9i.<\/p>\n<\/div>\n<div style=\"flex: 1; min-width: 300px; text-align: center;\"><img decoding=\"async\" style=\"width: 100%; max-width: 470px; height: auto; border-radius: 8px; box-shadow: 0 2px 12px rgba(0,0,0,0.08);\" src=\"https:\/\/kojoon.com\/wp-content\/uploads\/2026\/03\/Matte-Black-Cabinets-with-Hidden-Pull-Out-Drawers1-300x169.webp\" alt=\"T\u1ee7 m\u00e0u \u0111en m\u1edd v\u1edbi ng\u0103n k\u00e9o \u1ea9n1\" \/><\/div>\n<\/div>\n<p><!-- \u7b2c\u4e09\u90e8\u5206\uff1a\u5de6\u4fa7\u6587\u5b57 + \u53f3\u4fa7\u56fe --><\/p>\n<div style=\"display: flex; flex-wrap: wrap; gap: 30px; align-items: center; margin-bottom: 30px;\">\n<div style=\"flex: 1; min-width: 300px;\">\n<h2 style=\"font-size: 22px; font-weight: 600; color: #1a1a1a; margin: 0 0 12px;\">T\u00ednh n\u0103ng v\u00e0 T\u00ednh ti\u1ec7n d\u1ee5ng<\/h2>\n<p style=\"font-size: 16px; margin: 0 0 20px;\">Thi\u1ebft k\u1ebf l\u1ea5y ng\u01b0\u1eddi d\u00f9ng l\u00e0m trung t\u00e2m th\u1ec3 hi\u1ec7n \u1edf t\u1eebng chi ti\u1ebft. C\u00e1c ng\u0103n k\u00e9o \u1ea9n gi\u00fap t\u0103ng t\u00ednh ti\u1ec7n l\u1ee3i m\u00e0 kh\u00f4ng l\u00e0m ph\u00e1 v\u1ee1 v\u1ebb ngo\u00e0i g\u1ecdn g\u00e0ng, hi\u1ec7n \u0111\u1ea1i. V\u1ecb tr\u00ed b\u1ed1 tr\u00ed c\u00e1c thi\u1ebft b\u1ecb n\u1ea5u n\u01b0\u1edbng theo nguy\u00ean t\u1eafc c\u00f4ng th\u00e1i h\u1ecdc gi\u00fap n\u00e2ng cao \u0111\u1ed9 an to\u00e0n v\u00e0 t\u00ednh ti\u1ec7n d\u1ee5ng, bi\u1ebfn vi\u1ec7c chu\u1ea9n b\u1ecb b\u1eefa \u0103n h\u00e0ng ng\u00e0y th\u00e0nh m\u1ed9t tr\u1ea3i nghi\u1ec7m tho\u1ea3i m\u00e1i v\u00e0 th\u00fa v\u1ecb h\u01a1n.<\/p>\n<p style=\"font-size: 16px; margin: 0; font-weight: 500; color: #222;\">B\u1eb1ng c\u00e1ch k\u1ebft h\u1ee3p h\u00e0i h\u00f2a gi\u1eefa th\u1ea9m m\u1ef9 hi\u1ec7n \u0111\u1ea1i v\u00e0 t\u00ednh n\u0103ng ti\u1ec7n d\u1ee5ng, nh\u1eefng chi\u1ebfc t\u1ee7 m\u00e0u \u0111en m\u1edd n\u00e0y l\u00e0 s\u1ef1 l\u1ef1a ch\u1ecdn l\u00fd t\u01b0\u1edfng cho m\u1ed9t c\u0103n b\u1ebfp th\u1eddi th\u01b0\u1ee3ng, ti\u1ec7n nghi v\u00e0 \u0111\u01b0\u1ee3c thi\u1ebft k\u1ebf tinh t\u1ebf.<\/p>\n<\/div>\n<div style=\"flex: 1; min-width: 300px; text-align: center;\"><img decoding=\"async\" style=\"width: 100%; max-width: 380px; height: auto; border-radius: 8px; box-shadow: 0 2px 12px rgba(0,0,0,0.08);\" src=\"https:\/\/kojoon.com\/wp-content\/uploads\/2026\/03\/Matte-Black-Cabinets-with-Hidden-Pull-Out-Drawers-3-1-850x478-1-300x169.jpg\" alt=\"T\u1ee7 m\u00e0u \u0111en m\u1edd v\u1edbi ng\u0103n k\u00e9o \u1ea9n\" \/><\/div>\n<\/div>\n<\/div>","protected":false},"excerpt":{"rendered":"<p>Upgrade Your Kitchen with Matte Black Cabinets Elevate your kitchen with sleek matte black cabinets. Durable, easy to maintain, and thoughtfully designed, they deliver smart storage solutions and timeless appeal. Design Concept This design strikes the perfect balance between modern minimalism and everyday practicality. Clean lines and handleless drawers create a seamless, clutter-free aesthetic, while [&hellip;]<\/p>\n","protected":false},"featured_media":467,"template":"","meta":{"_acf_changed":false},"product_brand":[],"product_cat":[32,31],"product_tag":[],"class_list":{"0":"post-466","1":"product","2":"type-product","3":"status-publish","4":"has-post-thumbnail","6":"product_cat-kitchen-cabinet","7":"product_cat-kitchen-cabinetry","9":"first","10":"instock","11":"shipping-taxable","12":"product-type-simple"},"acf":[],"yoast_head":"<!-- This site is optimized with the Yoast SEO Premium plugin v23.6 (Yoast SEO v23.6) - https:\/\/yoast.com\/wordpress\/plugins\/seo\/ -->\n<title>Modern Matte Black Cabinets with Hidden Pull-Out Drawer System - kojoon.com<\/title>\n<meta name=\"robots\" content=\"index, follow, max-snippet:-1, max-image-preview:large, max-video-preview:-1\" \/>\n<link rel=\"canonical\" href=\"https:\/\/kojoon.com\/vi\/product\/tu-bep-mau-den-mo-hien-dai-voi-he-thong-ngan-keo-an\/\" \/>\n<meta property=\"og:locale\" content=\"vi_VN\" \/>\n<meta property=\"og:type\" content=\"article\" \/>\n<meta property=\"og:title\" content=\"Modern Matte Black Cabinets with Hidden Pull-Out Drawer System\" \/>\n<meta property=\"og:description\" content=\"Upgrade Your Kitchen with Matte Black Cabinets Elevate your kitchen with sleek matte black cabinets. Durable, easy to maintain, and thoughtfully designed, they deliver smart storage solutions and timeless appeal. Design Concept This design strikes the perfect balance between modern minimalism and everyday practicality. Clean lines and handleless drawers create a seamless, clutter-free aesthetic, while [&hellip;]\" \/>\n<meta property=\"og:url\" content=\"https:\/\/kojoon.com\/vi\/product\/tu-bep-mau-den-mo-hien-dai-voi-he-thong-ngan-keo-an\/\" \/>\n<meta property=\"og:site_name\" content=\"kojoon.com\" \/>\n<meta property=\"article:modified_time\" content=\"2026-03-31T02:41:53+00:00\" \/>\n<meta property=\"og:image\" content=\"https:\/\/kojoon.com\/wp-content\/uploads\/2026\/03\/Modern-Matte-Black-Cabinets-with-Hidden-Pull-Out-Drawer-System.jpg\" \/>\n\t<meta property=\"og:image:width\" content=\"2560\" \/>\n\t<meta property=\"og:image:height\" content=\"1440\" \/>\n\t<meta property=\"og:image:type\" content=\"image\/jpeg\" \/>\n<meta name=\"twitter:card\" content=\"summary_large_image\" \/>\n<meta name=\"twitter:label1\" content=\"\u01af\u1edbc t\u00ednh th\u1eddi gian \u0111\u1ecdc\" \/>\n\t<meta name=\"twitter:data1\" content=\"1 ph\u00fat\" \/>\n<script type=\"application\/ld+json\" class=\"yoast-schema-graph\">{\"@context\":\"https:\/\/schema.org\",\"@graph\":[{\"@type\":\"WebPage\",\"@id\":\"https:\/\/kojoon.com\/it\/product\/modern-matte-black-cabinets-with-hidden-pull-out-drawer-system\/\",\"url\":\"https:\/\/kojoon.com\/it\/product\/modern-matte-black-cabinets-with-hidden-pull-out-drawer-system\/\",\"name\":\"Modern Matte Black Cabinets with Hidden Pull-Out Drawer System - kojoon.com\",\"isPartOf\":{\"@id\":\"https:\/\/kojoon.com\/it\/#website\"},\"primaryImageOfPage\":{\"@id\":\"https:\/\/kojoon.com\/it\/product\/modern-matte-black-cabinets-with-hidden-pull-out-drawer-system\/#primaryimage\"},\"image\":{\"@id\":\"https:\/\/kojoon.com\/it\/product\/modern-matte-black-cabinets-with-hidden-pull-out-drawer-system\/#primaryimage\"},\"thumbnailUrl\":\"https:\/\/kojoon.com\/wp-content\/uploads\/2026\/03\/Modern-Matte-Black-Cabinets-with-Hidden-Pull-Out-Drawer-System.jpg\",\"datePublished\":\"2026-03-26T08:22:48+00:00\",\"dateModified\":\"2026-03-31T02:41:53+00:00\",\"breadcrumb\":{\"@id\":\"https:\/\/kojoon.com\/it\/product\/modern-matte-black-cabinets-with-hidden-pull-out-drawer-system\/#breadcrumb\"},\"inLanguage\":\"vi\",\"potentialAction\":[{\"@type\":\"ReadAction\",\"target\":[\"https:\/\/kojoon.com\/it\/product\/modern-matte-black-cabinets-with-hidden-pull-out-drawer-system\/\"]}]},{\"@type\":\"ImageObject\",\"inLanguage\":\"vi\",\"@id\":\"https:\/\/kojoon.com\/it\/product\/modern-matte-black-cabinets-with-hidden-pull-out-drawer-system\/#primaryimage\",\"url\":\"https:\/\/kojoon.com\/wp-content\/uploads\/2026\/03\/Modern-Matte-Black-Cabinets-with-Hidden-Pull-Out-Drawer-System.jpg\",\"contentUrl\":\"https:\/\/kojoon.com\/wp-content\/uploads\/2026\/03\/Modern-Matte-Black-Cabinets-with-Hidden-Pull-Out-Drawer-System.jpg\",\"width\":2560,\"height\":1440,\"caption\":\"Modern Matte Black Cabinets with Hidden Pull-Out Drawer System\"},{\"@type\":\"BreadcrumbList\",\"@id\":\"https:\/\/kojoon.com\/it\/product\/modern-matte-black-cabinets-with-hidden-pull-out-drawer-system\/#breadcrumb\",\"itemListElement\":[{\"@type\":\"ListItem\",\"position\":1,\"name\":\"Home\",\"item\":\"https:\/\/kojoon.com\/it\/\"},{\"@type\":\"ListItem\",\"position\":2,\"name\":\"\u5546\u5e97\",\"item\":\"https:\/\/kojoon.com\/it\/shop\/\"},{\"@type\":\"ListItem\",\"position\":3,\"name\":\"Modern Matte Black Cabinets with Hidden Pull-Out Drawer System\"}]},{\"@type\":\"WebSite\",\"@id\":\"https:\/\/kojoon.com\/it\/#website\",\"url\":\"https:\/\/kojoon.com\/it\/\",\"name\":\"kojoon.com\",\"description\":\"One-stop Solution for Residential &amp; Commercial Building Projects\",\"potentialAction\":[{\"@type\":\"SearchAction\",\"target\":{\"@type\":\"EntryPoint\",\"urlTemplate\":\"https:\/\/kojoon.com\/it\/?s={search_term_string}\"},\"query-input\":{\"@type\":\"PropertyValueSpecification\",\"valueRequired\":true,\"valueName\":\"search_term_string\"}}],\"inLanguage\":\"vi\"}]}<\/script>\n<!-- \/ Yoast SEO Premium plugin. -->","yoast_head_json":{"title":"T\u1ee7 b\u1ebfp m\u00e0u \u0111en m\u1edd hi\u1ec7n \u0111\u1ea1i v\u1edbi h\u1ec7 th\u1ed1ng ng\u0103n k\u00e9o \u1ea9n - kojoon.com","robots":{"index":"index","follow":"follow","max-snippet":"max-snippet:-1","max-image-preview":"max-image-preview:large","max-video-preview":"max-video-preview:-1"},"canonical":"https:\/\/kojoon.com\/vi\/product\/tu-bep-mau-den-mo-hien-dai-voi-he-thong-ngan-keo-an\/","og_locale":"vi_VN","og_type":"article","og_title":"Modern Matte Black Cabinets with Hidden Pull-Out Drawer System","og_description":"Upgrade Your Kitchen with Matte Black Cabinets Elevate your kitchen with sleek matte black cabinets. Durable, easy to maintain, and thoughtfully designed, they deliver smart storage solutions and timeless appeal. Design Concept This design strikes the perfect balance between modern minimalism and everyday practicality. Clean lines and handleless drawers create a seamless, clutter-free aesthetic, while [&hellip;]","og_url":"https:\/\/kojoon.com\/vi\/product\/tu-bep-mau-den-mo-hien-dai-voi-he-thong-ngan-keo-an\/","og_site_name":"kojoon.com","article_modified_time":"2026-03-31T02:41:53+00:00","og_image":[{"width":2560,"height":1440,"url":"https:\/\/kojoon.com\/wp-content\/uploads\/2026\/03\/Modern-Matte-Black-Cabinets-with-Hidden-Pull-Out-Drawer-System.jpg","type":"image\/jpeg"}],"twitter_card":"summary_large_image","twitter_misc":{"\u01af\u1edbc t\u00ednh th\u1eddi gian \u0111\u1ecdc":"1 ph\u00fat"},"schema":{"@context":"https:\/\/schema.org","@graph":[{"@type":"WebPage","@id":"https:\/\/kojoon.com\/it\/product\/modern-matte-black-cabinets-with-hidden-pull-out-drawer-system\/","url":"https:\/\/kojoon.com\/it\/product\/modern-matte-black-cabinets-with-hidden-pull-out-drawer-system\/","name":"T\u1ee7 b\u1ebfp m\u00e0u \u0111en m\u1edd hi\u1ec7n \u0111\u1ea1i v\u1edbi h\u1ec7 th\u1ed1ng ng\u0103n k\u00e9o \u1ea9n - kojoon.com","isPartOf":{"@id":"https:\/\/kojoon.com\/it\/#website"},"primaryImageOfPage":{"@id":"https:\/\/kojoon.com\/it\/product\/modern-matte-black-cabinets-with-hidden-pull-out-drawer-system\/#primaryimage"},"image":{"@id":"https:\/\/kojoon.com\/it\/product\/modern-matte-black-cabinets-with-hidden-pull-out-drawer-system\/#primaryimage"},"thumbnailUrl":"https:\/\/kojoon.com\/wp-content\/uploads\/2026\/03\/Modern-Matte-Black-Cabinets-with-Hidden-Pull-Out-Drawer-System.jpg","datePublished":"2026-03-26T08:22:48+00:00","dateModified":"2026-03-31T02:41:53+00:00","breadcrumb":{"@id":"https:\/\/kojoon.com\/it\/product\/modern-matte-black-cabinets-with-hidden-pull-out-drawer-system\/#breadcrumb"},"inLanguage":"vi","potentialAction":[{"@type":"ReadAction","target":["https:\/\/kojoon.com\/it\/product\/modern-matte-black-cabinets-with-hidden-pull-out-drawer-system\/"]}]},{"@type":"ImageObject","inLanguage":"vi","@id":"https:\/\/kojoon.com\/it\/product\/modern-matte-black-cabinets-with-hidden-pull-out-drawer-system\/#primaryimage","url":"https:\/\/kojoon.com\/wp-content\/uploads\/2026\/03\/Modern-Matte-Black-Cabinets-with-Hidden-Pull-Out-Drawer-System.jpg","contentUrl":"https:\/\/kojoon.com\/wp-content\/uploads\/2026\/03\/Modern-Matte-Black-Cabinets-with-Hidden-Pull-Out-Drawer-System.jpg","width":2560,"height":1440,"caption":"Modern Matte Black Cabinets with Hidden Pull-Out Drawer System"},{"@type":"BreadcrumbList","@id":"https:\/\/kojoon.com\/it\/product\/modern-matte-black-cabinets-with-hidden-pull-out-drawer-system\/#breadcrumb","itemListElement":[{"@type":"ListItem","position":1,"name":"Home","item":"https:\/\/kojoon.com\/it\/"},{"@type":"ListItem","position":2,"name":"\u5546\u5e97","item":"https:\/\/kojoon.com\/it\/shop\/"},{"@type":"ListItem","position":3,"name":"Modern Matte Black Cabinets with Hidden Pull-Out Drawer System"}]},{"@type":"WebSite","@id":"https:\/\/kojoon.com\/it\/#website","url":"https:\/\/kojoon.com\/it\/","name":"kojoon.com","description":"Gi\u1ea3i ph\u00e1p tr\u1ecdn g\u00f3i cho c\u00e1c d\u1ef1 \u00e1n x\u00e2y d\u1ef1ng nh\u00e0 \u1edf v\u00e0 th\u01b0\u01a1ng m\u1ea1i","potentialAction":[{"@type":"SearchAction","target":{"@type":"EntryPoint","urlTemplate":"https:\/\/kojoon.com\/it\/?s={search_term_string}"},"query-input":{"@type":"PropertyValueSpecification","valueRequired":true,"valueName":"search_term_string"}}],"inLanguage":"vi"}]}},"_links":{"self":[{"href":"https:\/\/kojoon.com\/vi\/wp-json\/wp\/v2\/product\/466","targetHints":{"allow":["GET"]}}],"collection":[{"href":"https:\/\/kojoon.com\/vi\/wp-json\/wp\/v2\/product"}],"about":[{"href":"https:\/\/kojoon.com\/vi\/wp-json\/wp\/v2\/types\/product"}],"wp:featuredmedia":[{"embeddable":true,"href":"https:\/\/kojoon.com\/vi\/wp-json\/wp\/v2\/media\/467"}],"wp:attachment":[{"href":"https:\/\/kojoon.com\/vi\/wp-json\/wp\/v2\/media?parent=466"}],"wp:term":[{"taxonomy":"product_brand","embeddable":true,"href":"https:\/\/kojoon.com\/vi\/wp-json\/wp\/v2\/product_brand?post=466"},{"taxonomy":"product_cat","embeddable":true,"href":"https:\/\/kojoon.com\/vi\/wp-json\/wp\/v2\/product_cat?post=466"},{"taxonomy":"product_tag","embeddable":true,"href":"https:\/\/kojoon.com\/vi\/wp-json\/wp\/v2\/product_tag?post=466"}],"curies":[{"name":"wp","href":"https:\/\/api.w.org\/{rel}","templated":true}]}}