{"id":1175,"date":"2026-05-05T08:10:45","date_gmt":"2026-05-05T08:10:45","guid":{"rendered":"https:\/\/kojoon.com\/?post_type=product&#038;p=1175"},"modified":"2026-05-05T09:02:23","modified_gmt":"2026-05-05T09:02:23","slug":"kojoon-custom-color-service-best-selling-complete-home-furniture-set-home-solution-3d-rendering-custom-dimensions-one-stop-service","status":"publish","type":"product","link":"https:\/\/kojoon.com\/vi\/product\/kojoon-custom-color-service-best-selling-complete-home-furniture-set-home-solution-3d-rendering-custom-dimensions-one-stop-service\/","title":{"rendered":"D\u1ecbch v\u1ee5 M\u00e0u s\u1eafc Theo Y\u00eau c\u1ea7u KOJOON \u2013 S\u1ea3n ph\u1ea9m b\u00e1n ch\u1ea1y nh\u1ea5t \u2013 B\u1ed9 n\u1ed9i th\u1ea5t gia \u0111\u00ecnh tr\u1ecdn b\u1ed9 \u2013 Gi\u1ea3i ph\u00e1p n\u1ed9i th\u1ea5t \u2013 H\u00ecnh \u1ea3nh 3D \u2013 K\u00edch th\u01b0\u1edbc t\u00f9y ch\u1ec9nh \u2013 D\u1ecbch v\u1ee5 tr\u1ecdn g\u00f3i"},"content":{"rendered":"<p class=\"has-x-large-font-size\">aq2eqw<\/p>\n\n\n<div style=\"max-width: 1200px; margin: 40px auto; padding: 0 20px; font-family: -apple-system, BlinkMacSystemFont, 'Segoe UI', Roboto, sans-serif; line-height: 1.7; color: #333;\">\n<p><!-- \u7b2c\u4e00\u6bb5\uff1a\u6587\u5b57\u5de6 + \u56fe\u7247\u53f3 --><\/p>\n<div style=\"display: flex; flex-wrap: wrap; gap: 35px; align-items: center; margin-bottom: 60px;\">\n<div style=\"flex: 1; min-width: 300px;\">\n<h2 style=\"font-size: 26px; font-weight: bold; color: #1a1a1a; margin: 0 0 16px;\">\u00dd t\u01b0\u1edfng thi\u1ebft k\u1ebf<\/h2>\n<p style=\"font-size: 16px; margin: 0;\">L\u1ea5y th\u1ea9m m\u1ef9 sang tr\u1ecdng nh\u1eb9 nh\u00e0ng hi\u1ec7n \u0111\u1ea1i l\u00e0m c\u1ed1t l\u00f5i, thi\u1ebft k\u1ebf n\u00e0y k\u1ebft h\u1ee3p nh\u1eefng \u0111\u01b0\u1eddng n\u00e9t t\u1ed1i gi\u1ea3n v\u1edbi ch\u1ea5t li\u1ec7u cao c\u1ea5p, t\u1ea1o n\u00ean s\u1ef1 c\u00e2n b\u1eb1ng gi\u1eefa v\u1ebb \u0111\u1eb9p th\u1ea9m m\u1ef9 v\u00e0 t\u00ednh ti\u1ec7n d\u1ee5ng c\u1ee7a kh\u00f4ng gian, t\u1eeb \u0111\u00f3 h\u00ecnh th\u00e0nh n\u00ean m\u1ed9t phong c\u00e1ch \u0111\u01a1n gi\u1ea3n nh\u01b0ng kh\u00f4ng h\u1ec1 \u0111\u01a1n \u0111i\u1ec7u.<\/p>\n<\/div>\n<div style=\"flex: 1; min-width: 300px; text-align: center;\">\n<p><img fetchpriority=\"high\" decoding=\"async\" class=\"size-medium wp-image-1171\" src=\"https:\/\/kojoon.com\/wp-content\/uploads\/2026\/05\/20200306_c059470fe2f620136c82hk47el12ff7k-300x300.png\" alt=\"20200306 C059470fe2f620136c82hk47el12ff7k\" width=\"300\" height=\"300\" srcset=\"https:\/\/kojoon.com\/wp-content\/uploads\/2026\/05\/20200306_c059470fe2f620136c82hk47el12ff7k-300x300.png 300w, https:\/\/kojoon.com\/wp-content\/uploads\/2026\/05\/20200306_c059470fe2f620136c82hk47el12ff7k-150x150.png 150w, https:\/\/kojoon.com\/wp-content\/uploads\/2026\/05\/20200306_c059470fe2f620136c82hk47el12ff7k-768x768.png 768w, https:\/\/kojoon.com\/wp-content\/uploads\/2026\/05\/20200306_c059470fe2f620136c82hk47el12ff7k-12x12.png 12w, https:\/\/kojoon.com\/wp-content\/uploads\/2026\/05\/20200306_c059470fe2f620136c82hk47el12ff7k-600x600.png 600w, https:\/\/kojoon.com\/wp-content\/uploads\/2026\/05\/20200306_c059470fe2f620136c82hk47el12ff7k-100x100.png 100w, https:\/\/kojoon.com\/wp-content\/uploads\/2026\/05\/20200306_c059470fe2f620136c82hk47el12ff7k.png 1000w\" sizes=\"(max-width: 300px) 100vw, 300px\" \/><\/p>\n<\/div>\n<\/div>\n<p><!-- \u7b2c\u4e8c\u6bb5\uff1a\u56fe\u7247\u5de6 + \u6587\u5b57\u53f3\uff08\u53cd\u5411\uff09 --><\/p>\n<div style=\"display: flex; flex-wrap: wrap; gap: 35px; align-items: center; margin-bottom: 60px; flex-direction: row-reverse;\">\n<div style=\"flex: 1; min-width: 300px;\">\n<h2 style=\"font-size: 22px; font-weight: 600; color: #1a1a1a; margin: 0 0 12px;\">B\u1ea3ng m\u00e0u &amp; X\u1eed l\u00fd b\u1ec1 m\u1eb7t<\/h2>\n<p style=\"font-size: 16px; margin: 0 0 20px;\">L\u1ea5y th\u1ea9m m\u1ef9 sang tr\u1ecdng nh\u1eb9 nh\u00e0ng hi\u1ec7n \u0111\u1ea1i l\u00e0m c\u1ed1t l\u00f5i, thi\u1ebft k\u1ebf n\u00e0y k\u1ebft h\u1ee3p nh\u1eefng \u0111\u01b0\u1eddng n\u00e9t t\u1ed1i gi\u1ea3n v\u1edbi ch\u1ea5t li\u1ec7u cao c\u1ea5p, t\u1ea1o s\u1ef1 c\u00e2n b\u1eb1ng gi\u1eefa v\u1ebb \u0111\u1eb9p th\u1ea9m m\u1ef9 v\u00e0 t\u00ednh ti\u1ec7n d\u1ee5ng c\u1ee7a kh\u00f4ng gian, t\u1eeb \u0111\u00f3 h\u00ecnh th\u00e0nh n\u00ean m\u1ed9t phong c\u00e1ch \u0111\u01a1n gi\u1ea3n nh\u01b0ng kh\u00f4ng h\u1ec1 \u0111\u01a1n \u0111i\u1ec7u.<\/p>\n<\/div>\n<h2>\u00a0<\/h2>\n<h2><img decoding=\"async\" class=\"wp-image-1170 size-medium alignleft\" style=\"font-size: 16px; font-weight: 400;\" src=\"https:\/\/kojoon.com\/wp-content\/uploads\/2026\/05\/20200306_c95b143f82c3a7029df6i7z2gqam1nzq-300x300.png\" alt=\"20200306 C95b143f82c3a7029df6i7z2gqam1nzq\" width=\"300\" height=\"300\" srcset=\"https:\/\/kojoon.com\/wp-content\/uploads\/2026\/05\/20200306_c95b143f82c3a7029df6i7z2gqam1nzq-300x300.png 300w, https:\/\/kojoon.com\/wp-content\/uploads\/2026\/05\/20200306_c95b143f82c3a7029df6i7z2gqam1nzq-150x150.png 150w, https:\/\/kojoon.com\/wp-content\/uploads\/2026\/05\/20200306_c95b143f82c3a7029df6i7z2gqam1nzq-768x768.png 768w, https:\/\/kojoon.com\/wp-content\/uploads\/2026\/05\/20200306_c95b143f82c3a7029df6i7z2gqam1nzq-12x12.png 12w, https:\/\/kojoon.com\/wp-content\/uploads\/2026\/05\/20200306_c95b143f82c3a7029df6i7z2gqam1nzq-600x600.png 600w, https:\/\/kojoon.com\/wp-content\/uploads\/2026\/05\/20200306_c95b143f82c3a7029df6i7z2gqam1nzq-100x100.png 100w, https:\/\/kojoon.com\/wp-content\/uploads\/2026\/05\/20200306_c95b143f82c3a7029df6i7z2gqam1nzq.png 1000w\" sizes=\"(max-width: 300px) 100vw, 300px\" \/><\/h2>\n<h2>\u00a0<\/h2>\n<h2 style=\"font-size: 22px; font-weight: 600; color: #1a1a1a; margin: 0 0 12px;\">C\u1ea5u tr\u00fac kh\u00f4ng gian<\/h2>\n<p style=\"font-size: 16px; margin: 0 0 20px;\">T\u1ed1i \u01b0u h\u00f3a b\u1ed1 c\u1ee5c c\u1ee7a khu v\u1ef1c \u0103n u\u1ed1ng d\u00e0nh cho kh\u00e1ch \u1edf t\u1ea7ng tr\u00ean, ph\u00f2ng l\u00e0m vi\u1ec7c m\u1edf v\u00e0 ph\u00f2ng \u0111\u1ec3 \u00e1o kho\u00e1c ri\u00eang bi\u1ec7t, nh\u1eb1m ph\u00e2n chia r\u00f5 r\u00e0ng c\u00e1c ho\u1ea1t \u0111\u1ed9ng v\u00e0 t\u1eadn d\u1ee5ng t\u1ed1i \u0111a nh\u1eefng \u01b0u \u0111i\u1ec3m c\u1ee7a kh\u00f4ng gian c\u0103n h\u1ed9 hai t\u1ea7ng.<\/p>\n<h2 style=\"font-size: 22px; font-weight: 600; color: #1a1a1a; margin: 0 0 12px;\">Ch\u1ea5t li\u1ec7u &amp; K\u1ef9 thu\u1eadt ch\u1ebf t\u00e1c<\/h2>\n<p style=\"font-size: 16px; margin: 0;\">Ch\u1ecdn c\u00e1c v\u1eadt li\u1ec7u cao c\u1ea5p nh\u01b0 \u0111\u00e1 c\u1ea9m th\u1ea1ch, t\u1ea5m g\u1ed7 nguy\u00ean kh\u1ed1i v\u00e0 t\u1ea5m \u1ed1p trang tr\u00ed PET, \u0111\u1ed3ng th\u1eddi \u00e1p d\u1ee5ng c\u00e1c k\u1ef9 thu\u1eadt gia c\u00f4ng tinh x\u1ea3o \u0111\u1ec3 \u0111\u1ea3m b\u1ea3o ch\u1ea5t l\u01b0\u1ee3ng chi ti\u1ebft v\u00e0 \u0111\u1ed9 b\u1ec1n.<\/p>\n<div style=\"flex: 1; min-width: 300px; text-align: center;\"><img decoding=\"async\" class=\"size-medium wp-image-1172\" style=\"text-align: start;\" src=\"https:\/\/kojoon.com\/wp-content\/uploads\/2026\/05\/20200306_d3cbb60bb09034ce4c9durw8l3fsn43y-300x300.png\" alt=\"20200306 D3cbb60bb09034ce4c9durw8l3fsn43y\" width=\"300\" height=\"300\" srcset=\"https:\/\/kojoon.com\/wp-content\/uploads\/2026\/05\/20200306_d3cbb60bb09034ce4c9durw8l3fsn43y-300x300.png 300w, https:\/\/kojoon.com\/wp-content\/uploads\/2026\/05\/20200306_d3cbb60bb09034ce4c9durw8l3fsn43y-150x150.png 150w, https:\/\/kojoon.com\/wp-content\/uploads\/2026\/05\/20200306_d3cbb60bb09034ce4c9durw8l3fsn43y-768x768.png 768w, https:\/\/kojoon.com\/wp-content\/uploads\/2026\/05\/20200306_d3cbb60bb09034ce4c9durw8l3fsn43y-12x12.png 12w, https:\/\/kojoon.com\/wp-content\/uploads\/2026\/05\/20200306_d3cbb60bb09034ce4c9durw8l3fsn43y-600x600.png 600w, https:\/\/kojoon.com\/wp-content\/uploads\/2026\/05\/20200306_d3cbb60bb09034ce4c9durw8l3fsn43y-100x100.png 100w, https:\/\/kojoon.com\/wp-content\/uploads\/2026\/05\/20200306_d3cbb60bb09034ce4c9durw8l3fsn43y.png 1000w\" sizes=\"(max-width: 300px) 100vw, 300px\" \/><\/div>\n<\/div>\n<p><!-- \u7b2c\u4e09\u6bb5\uff1a\u6536\u5c3e\u529f\u80fd\u8bf4\u660e --><\/p>\n<div style=\"margin-bottom: 30px;\">\n<h2 style=\"font-size: 22px; font-weight: 600; color: #1a1a1a; margin: 0 0 12px;\">Ch\u1ee9c n\u0103ng &amp; T\u00ednh ti\u1ec7n d\u1ee5ng<\/h2>\n<p style=\"font-size: 16px; margin: 0;\">S\u1ea3n ph\u1ea9m n\u00e0y t\u00edch h\u1ee3p nhi\u1ec1u ch\u1ee9c n\u0103ng nh\u01b0 l\u01b0u tr\u1eef, th\u01b0 gi\u00e3n v\u00e0 l\u00e0m vi\u1ec7c. S\u1ea3n ph\u1ea9m \u0111\u01b0\u1ee3c thi\u1ebft k\u1ebf theo nguy\u00ean t\u1eafc c\u00f4ng th\u00e1i h\u1ecdc, t\u1ea1o ra m\u1ed9t kh\u00f4ng gian s\u1ed1ng tho\u1ea3i m\u00e1i, ti\u1ec7n l\u1ee3i v\u00e0 ph\u00f9 h\u1ee3p v\u1edbi cu\u1ed9c s\u1ed1ng h\u00e0ng ng\u00e0y.<\/p>\n<\/div>\n<\/div>","protected":false},"excerpt":{"rendered":"<p>aq2eqw Design Concept Based on modern light luxury aesthetics as the core, it integrates minimalist lines and high-end texture, balancing aesthetic expression with spatial practicality, creating a style that is simple yet not simplistic. Color Palette &amp; Surface Treatment Based on modern light luxury aesthetics as the core, it integrates minimalist linesand high-end texture, balancing [&hellip;]<\/p>\n","protected":false},"featured_media":678,"template":"","meta":{"_acf_changed":false},"product_brand":[],"product_cat":[37,40],"product_tag":[],"class_list":{"0":"post-1175","1":"product","2":"type-product","3":"status-publish","4":"has-post-thumbnail","6":"product_cat-furniture","7":"product_cat-hotel-business-furniture","9":"first","10":"instock","11":"shipping-taxable","12":"product-type-simple"},"acf":[],"yoast_head":"<!-- This site is optimized with the Yoast SEO Premium plugin v23.6 (Yoast SEO v27.5) - https:\/\/yoast.com\/product\/yoast-seo-premium-wordpress\/ -->\n<title>KOJOON Custom Color Service - Best-selling - Complete Home Furniture Set - Home Solution - 3D Rendering - Custom Dimensions - One-stop Service - kojoon.com<\/title>\n<meta name=\"robots\" content=\"index, follow, max-snippet:-1, max-image-preview:large, max-video-preview:-1\" \/>\n<link rel=\"canonical\" href=\"https:\/\/kojoon.com\/vi\/product\/kojoon-custom-color-service-best-selling-complete-home-furniture-set-home-solution-3d-rendering-custom-dimensions-one-stop-service\/\" \/>\n<meta property=\"og:locale\" content=\"vi_VN\" \/>\n<meta property=\"og:type\" content=\"article\" \/>\n<meta property=\"og:title\" content=\"KOJOON Custom Color Service - Best-selling - Complete Home Furniture Set - Home Solution - 3D Rendering - Custom Dimensions - One-stop Service\" \/>\n<meta property=\"og:description\" content=\"aq2eqw Design Concept Based on modern light luxury aesthetics as the core, it integrates minimalist lines and high-end texture, balancing aesthetic expression with spatial practicality, creating a style that is simple yet not simplistic. Color Palette &amp; Surface Treatment Based on modern light luxury aesthetics as the core, it integrates minimalist linesand high-end texture, balancing [&hellip;]\" \/>\n<meta property=\"og:url\" content=\"https:\/\/kojoon.com\/vi\/product\/kojoon-custom-color-service-best-selling-complete-home-furniture-set-home-solution-3d-rendering-custom-dimensions-one-stop-service\/\" \/>\n<meta property=\"og:site_name\" content=\"kojoon.com\" \/>\n<meta property=\"article:modified_time\" content=\"2026-05-05T09:02:23+00:00\" \/>\n<meta property=\"og:image\" content=\"https:\/\/kojoon.com\/wp-content\/uploads\/2026\/03\/Raffles-Hotel-5-800x800-1.jpg\" \/>\n\t<meta property=\"og:image:width\" content=\"800\" \/>\n\t<meta property=\"og:image:height\" content=\"800\" \/>\n\t<meta property=\"og:image:type\" content=\"image\/jpeg\" \/>\n<meta name=\"twitter:card\" content=\"summary_large_image\" \/>\n<meta name=\"twitter:label1\" content=\"\u01af\u1edbc t\u00ednh th\u1eddi gian \u0111\u1ecdc\" \/>\n\t<meta name=\"twitter:data1\" content=\"2 ph\u00fat\" \/>\n<script type=\"application\/ld+json\" class=\"yoast-schema-graph\">{\"@context\":\"https:\\\/\\\/schema.org\",\"@graph\":[{\"@type\":\"WebPage\",\"@id\":\"https:\\\/\\\/kojoon.com\\\/product\\\/kojoon-custom-color-service-best-selling-complete-home-furniture-set-home-solution-3d-rendering-custom-dimensions-one-stop-service\\\/\",\"url\":\"https:\\\/\\\/kojoon.com\\\/product\\\/kojoon-custom-color-service-best-selling-complete-home-furniture-set-home-solution-3d-rendering-custom-dimensions-one-stop-service\\\/\",\"name\":\"KOJOON Custom Color Service - Best-selling - Complete Home Furniture Set - Home Solution - 3D Rendering - Custom Dimensions - One-stop Service - kojoon.com\",\"isPartOf\":{\"@id\":\"https:\\\/\\\/kojoon.com\\\/it\\\/#website\"},\"primaryImageOfPage\":{\"@id\":\"https:\\\/\\\/kojoon.com\\\/product\\\/kojoon-custom-color-service-best-selling-complete-home-furniture-set-home-solution-3d-rendering-custom-dimensions-one-stop-service\\\/#primaryimage\"},\"image\":{\"@id\":\"https:\\\/\\\/kojoon.com\\\/product\\\/kojoon-custom-color-service-best-selling-complete-home-furniture-set-home-solution-3d-rendering-custom-dimensions-one-stop-service\\\/#primaryimage\"},\"thumbnailUrl\":\"https:\\\/\\\/kojoon.com\\\/wp-content\\\/uploads\\\/2026\\\/03\\\/Raffles-Hotel-5-800x800-1.jpg\",\"datePublished\":\"2026-05-05T08:10:45+00:00\",\"dateModified\":\"2026-05-05T09:02:23+00:00\",\"breadcrumb\":{\"@id\":\"https:\\\/\\\/kojoon.com\\\/product\\\/kojoon-custom-color-service-best-selling-complete-home-furniture-set-home-solution-3d-rendering-custom-dimensions-one-stop-service\\\/#breadcrumb\"},\"inLanguage\":\"vi\",\"potentialAction\":[{\"@type\":\"ReadAction\",\"target\":[\"https:\\\/\\\/kojoon.com\\\/product\\\/kojoon-custom-color-service-best-selling-complete-home-furniture-set-home-solution-3d-rendering-custom-dimensions-one-stop-service\\\/\"]}]},{\"@type\":\"ImageObject\",\"inLanguage\":\"vi\",\"@id\":\"https:\\\/\\\/kojoon.com\\\/product\\\/kojoon-custom-color-service-best-selling-complete-home-furniture-set-home-solution-3d-rendering-custom-dimensions-one-stop-service\\\/#primaryimage\",\"url\":\"https:\\\/\\\/kojoon.com\\\/wp-content\\\/uploads\\\/2026\\\/03\\\/Raffles-Hotel-5-800x800-1.jpg\",\"contentUrl\":\"https:\\\/\\\/kojoon.com\\\/wp-content\\\/uploads\\\/2026\\\/03\\\/Raffles-Hotel-5-800x800-1.jpg\",\"width\":800,\"height\":800,\"caption\":\"Raffles Hotel 5 800x800\"},{\"@type\":\"BreadcrumbList\",\"@id\":\"https:\\\/\\\/kojoon.com\\\/product\\\/kojoon-custom-color-service-best-selling-complete-home-furniture-set-home-solution-3d-rendering-custom-dimensions-one-stop-service\\\/#breadcrumb\",\"itemListElement\":[{\"@type\":\"ListItem\",\"position\":1,\"name\":\"Home\",\"item\":\"https:\\\/\\\/kojoon.com\\\/it\\\/\"},{\"@type\":\"ListItem\",\"position\":2,\"name\":\"\u5546\u5e97\",\"item\":\"https:\\\/\\\/kojoon.com\\\/it\\\/shop\\\/\"},{\"@type\":\"ListItem\",\"position\":3,\"name\":\"KOJOON Custom Color Service &#8211; Best-selling &#8211; Complete Home Furniture Set &#8211; Home Solution &#8211; 3D Rendering &#8211; Custom Dimensions &#8211; One-stop Service\"}]},{\"@type\":\"WebSite\",\"@id\":\"https:\\\/\\\/kojoon.com\\\/it\\\/#website\",\"url\":\"https:\\\/\\\/kojoon.com\\\/it\\\/\",\"name\":\"kojoon.com\",\"description\":\"One-stop Solution for Residential &amp; Commercial Building Projects\",\"potentialAction\":[{\"@type\":\"SearchAction\",\"target\":{\"@type\":\"EntryPoint\",\"urlTemplate\":\"https:\\\/\\\/kojoon.com\\\/it\\\/?s={search_term_string}\"},\"query-input\":{\"@type\":\"PropertyValueSpecification\",\"valueRequired\":true,\"valueName\":\"search_term_string\"}}],\"inLanguage\":\"vi\"}]}<\/script>\n<!-- \/ Yoast SEO Premium plugin. -->","yoast_head_json":{"title":"D\u1ecbch v\u1ee5 M\u00e0u s\u1eafc Theo Y\u00eau c\u1ea7u c\u1ee7a KOJOON - S\u1ea3n ph\u1ea9m b\u00e1n ch\u1ea1y nh\u1ea5t - B\u1ed9 n\u1ed9i th\u1ea5t gia \u0111\u00ecnh tr\u1ecdn b\u1ed9 - Gi\u1ea3i ph\u00e1p n\u1ed9i th\u1ea5t - H\u00ecnh \u1ea3nh 3D - K\u00edch th\u01b0\u1edbc t\u00f9y ch\u1ec9nh - D\u1ecbch v\u1ee5 tr\u1ecdn g\u00f3i - kojoon.com","robots":{"index":"index","follow":"follow","max-snippet":"max-snippet:-1","max-image-preview":"max-image-preview:large","max-video-preview":"max-video-preview:-1"},"canonical":"https:\/\/kojoon.com\/vi\/product\/kojoon-custom-color-service-best-selling-complete-home-furniture-set-home-solution-3d-rendering-custom-dimensions-one-stop-service\/","og_locale":"vi_VN","og_type":"article","og_title":"KOJOON Custom Color Service - Best-selling - Complete Home Furniture Set - Home Solution - 3D Rendering - Custom Dimensions - One-stop Service","og_description":"aq2eqw Design Concept Based on modern light luxury aesthetics as the core, it integrates minimalist lines and high-end texture, balancing aesthetic expression with spatial practicality, creating a style that is simple yet not simplistic. Color Palette &amp; Surface Treatment Based on modern light luxury aesthetics as the core, it integrates minimalist linesand high-end texture, balancing [&hellip;]","og_url":"https:\/\/kojoon.com\/vi\/product\/kojoon-custom-color-service-best-selling-complete-home-furniture-set-home-solution-3d-rendering-custom-dimensions-one-stop-service\/","og_site_name":"kojoon.com","article_modified_time":"2026-05-05T09:02:23+00:00","og_image":[{"width":800,"height":800,"url":"https:\/\/kojoon.com\/wp-content\/uploads\/2026\/03\/Raffles-Hotel-5-800x800-1.jpg","type":"image\/jpeg"}],"twitter_card":"summary_large_image","twitter_misc":{"\u01af\u1edbc t\u00ednh th\u1eddi gian \u0111\u1ecdc":"2 ph\u00fat"},"schema":{"@context":"https:\/\/schema.org","@graph":[{"@type":"WebPage","@id":"https:\/\/kojoon.com\/product\/kojoon-custom-color-service-best-selling-complete-home-furniture-set-home-solution-3d-rendering-custom-dimensions-one-stop-service\/","url":"https:\/\/kojoon.com\/product\/kojoon-custom-color-service-best-selling-complete-home-furniture-set-home-solution-3d-rendering-custom-dimensions-one-stop-service\/","name":"D\u1ecbch v\u1ee5 M\u00e0u s\u1eafc Theo Y\u00eau c\u1ea7u c\u1ee7a KOJOON - S\u1ea3n ph\u1ea9m b\u00e1n ch\u1ea1y nh\u1ea5t - B\u1ed9 n\u1ed9i th\u1ea5t gia \u0111\u00ecnh tr\u1ecdn b\u1ed9 - Gi\u1ea3i ph\u00e1p n\u1ed9i th\u1ea5t - H\u00ecnh \u1ea3nh 3D - K\u00edch th\u01b0\u1edbc t\u00f9y ch\u1ec9nh - D\u1ecbch v\u1ee5 tr\u1ecdn g\u00f3i - kojoon.com","isPartOf":{"@id":"https:\/\/kojoon.com\/it\/#website"},"primaryImageOfPage":{"@id":"https:\/\/kojoon.com\/product\/kojoon-custom-color-service-best-selling-complete-home-furniture-set-home-solution-3d-rendering-custom-dimensions-one-stop-service\/#primaryimage"},"image":{"@id":"https:\/\/kojoon.com\/product\/kojoon-custom-color-service-best-selling-complete-home-furniture-set-home-solution-3d-rendering-custom-dimensions-one-stop-service\/#primaryimage"},"thumbnailUrl":"https:\/\/kojoon.com\/wp-content\/uploads\/2026\/03\/Raffles-Hotel-5-800x800-1.jpg","datePublished":"2026-05-05T08:10:45+00:00","dateModified":"2026-05-05T09:02:23+00:00","breadcrumb":{"@id":"https:\/\/kojoon.com\/product\/kojoon-custom-color-service-best-selling-complete-home-furniture-set-home-solution-3d-rendering-custom-dimensions-one-stop-service\/#breadcrumb"},"inLanguage":"vi","potentialAction":[{"@type":"ReadAction","target":["https:\/\/kojoon.com\/product\/kojoon-custom-color-service-best-selling-complete-home-furniture-set-home-solution-3d-rendering-custom-dimensions-one-stop-service\/"]}]},{"@type":"ImageObject","inLanguage":"vi","@id":"https:\/\/kojoon.com\/product\/kojoon-custom-color-service-best-selling-complete-home-furniture-set-home-solution-3d-rendering-custom-dimensions-one-stop-service\/#primaryimage","url":"https:\/\/kojoon.com\/wp-content\/uploads\/2026\/03\/Raffles-Hotel-5-800x800-1.jpg","contentUrl":"https:\/\/kojoon.com\/wp-content\/uploads\/2026\/03\/Raffles-Hotel-5-800x800-1.jpg","width":800,"height":800,"caption":"Raffles Hotel 5 800x800"},{"@type":"BreadcrumbList","@id":"https:\/\/kojoon.com\/product\/kojoon-custom-color-service-best-selling-complete-home-furniture-set-home-solution-3d-rendering-custom-dimensions-one-stop-service\/#breadcrumb","itemListElement":[{"@type":"ListItem","position":1,"name":"Home","item":"https:\/\/kojoon.com\/it\/"},{"@type":"ListItem","position":2,"name":"\u5546\u5e97","item":"https:\/\/kojoon.com\/it\/shop\/"},{"@type":"ListItem","position":3,"name":"KOJOON Custom Color Service &#8211; Best-selling &#8211; Complete Home Furniture Set &#8211; Home Solution &#8211; 3D Rendering &#8211; Custom Dimensions &#8211; One-stop Service"}]},{"@type":"WebSite","@id":"https:\/\/kojoon.com\/it\/#website","url":"https:\/\/kojoon.com\/it\/","name":"kojoon.com","description":"Gi\u1ea3i ph\u00e1p tr\u1ecdn g\u00f3i cho c\u00e1c d\u1ef1 \u00e1n x\u00e2y d\u1ef1ng nh\u00e0 \u1edf v\u00e0 th\u01b0\u01a1ng m\u1ea1i","potentialAction":[{"@type":"SearchAction","target":{"@type":"EntryPoint","urlTemplate":"https:\/\/kojoon.com\/it\/?s={search_term_string}"},"query-input":{"@type":"PropertyValueSpecification","valueRequired":true,"valueName":"search_term_string"}}],"inLanguage":"vi"}]}},"_links":{"self":[{"href":"https:\/\/kojoon.com\/vi\/wp-json\/wp\/v2\/product\/1175","targetHints":{"allow":["GET"]}}],"collection":[{"href":"https:\/\/kojoon.com\/vi\/wp-json\/wp\/v2\/product"}],"about":[{"href":"https:\/\/kojoon.com\/vi\/wp-json\/wp\/v2\/types\/product"}],"wp:featuredmedia":[{"embeddable":true,"href":"https:\/\/kojoon.com\/vi\/wp-json\/wp\/v2\/media\/678"}],"wp:attachment":[{"href":"https:\/\/kojoon.com\/vi\/wp-json\/wp\/v2\/media?parent=1175"}],"wp:term":[{"taxonomy":"product_brand","embeddable":true,"href":"https:\/\/kojoon.com\/vi\/wp-json\/wp\/v2\/product_brand?post=1175"},{"taxonomy":"product_cat","embeddable":true,"href":"https:\/\/kojoon.com\/vi\/wp-json\/wp\/v2\/product_cat?post=1175"},{"taxonomy":"product_tag","embeddable":true,"href":"https:\/\/kojoon.com\/vi\/wp-json\/wp\/v2\/product_tag?post=1175"}],"curies":[{"name":"wp","href":"https:\/\/api.w.org\/{rel}","templated":true}]}}