{"id":1175,"date":"2026-05-05T08:10:45","date_gmt":"2026-05-05T08:10:45","guid":{"rendered":"https:\/\/kojoon.com\/?post_type=product&#038;p=1175"},"modified":"2026-05-05T09:02:23","modified_gmt":"2026-05-05T09:02:23","slug":"kojoon-custom-color-service-best-selling-complete-home-furniture-set-home-solution-3d-rendering-custom-dimensions-one-stop-service","status":"publish","type":"product","link":"https:\/\/kojoon.com\/fr\/product\/kojoon-custom-color-service-best-selling-complete-home-furniture-set-home-solution-3d-rendering-custom-dimensions-one-stop-service\/","title":{"rendered":"KOJOON Custom Color Service - Best-seller - Ensemble complet de meubles pour la maison - Home Solution - Rendu 3D - Dimensions personnalis\u00e9es - One-stop Service"},"content":{"rendered":"<p class=\"has-x-large-font-size\">aq2eqw<\/p>\n\n\n<div style=\"max-width: 1200px; margin: 40px auto; padding: 0 20px; font-family: -apple-system, BlinkMacSystemFont, 'Segoe UI', Roboto, sans-serif; line-height: 1.7; color: #333;\">\n<p><!-- \u7b2c\u4e00\u6bb5\uff1a\u6587\u5b57\u5de6 + \u56fe\u7247\u53f3 --><\/p>\n<div style=\"display: flex; flex-wrap: wrap; gap: 35px; align-items: center; margin-bottom: 60px;\">\n<div style=\"flex: 1; min-width: 300px;\">\n<h2 style=\"font-size: 26px; font-weight: bold; color: #1a1a1a; margin: 0 0 16px;\">Concept de design<\/h2>\n<p style=\"font-size: 16px; margin: 0;\">Bas\u00e9 sur une esth\u00e9tique de luxe moderne et l\u00e9g\u00e8re, il int\u00e8gre des lignes minimalistes et une texture haut de gamme, \u00e9quilibrant l'expression esth\u00e9tique et l'aspect pratique de l'espace, cr\u00e9ant ainsi un style simple mais pas simpliste.<\/p>\n<\/div>\n<div style=\"flex: 1; min-width: 300px; text-align: center;\">\n<p><img fetchpriority=\"high\" decoding=\"async\" class=\"size-medium wp-image-1171\" src=\"https:\/\/kojoon.com\/wp-content\/uploads\/2026\/05\/20200306_c059470fe2f620136c82hk47el12ff7k-300x300.png\" alt=\"20200306 C059470fe2f620136c82hk47el12ff7k\" width=\"300\" height=\"300\" srcset=\"https:\/\/kojoon.com\/wp-content\/uploads\/2026\/05\/20200306_c059470fe2f620136c82hk47el12ff7k-300x300.png 300w, https:\/\/kojoon.com\/wp-content\/uploads\/2026\/05\/20200306_c059470fe2f620136c82hk47el12ff7k-150x150.png 150w, https:\/\/kojoon.com\/wp-content\/uploads\/2026\/05\/20200306_c059470fe2f620136c82hk47el12ff7k-768x768.png 768w, https:\/\/kojoon.com\/wp-content\/uploads\/2026\/05\/20200306_c059470fe2f620136c82hk47el12ff7k-12x12.png 12w, https:\/\/kojoon.com\/wp-content\/uploads\/2026\/05\/20200306_c059470fe2f620136c82hk47el12ff7k-600x600.png 600w, https:\/\/kojoon.com\/wp-content\/uploads\/2026\/05\/20200306_c059470fe2f620136c82hk47el12ff7k-100x100.png 100w, https:\/\/kojoon.com\/wp-content\/uploads\/2026\/05\/20200306_c059470fe2f620136c82hk47el12ff7k.png 1000w\" sizes=\"(max-width: 300px) 100vw, 300px\" \/><\/p>\n<\/div>\n<\/div>\n<p><!-- \u7b2c\u4e8c\u6bb5\uff1a\u56fe\u7247\u5de6 + \u6587\u5b57\u53f3\uff08\u53cd\u5411\uff09 --><\/p>\n<div style=\"display: flex; flex-wrap: wrap; gap: 35px; align-items: center; margin-bottom: 60px; flex-direction: row-reverse;\">\n<div style=\"flex: 1; min-width: 300px;\">\n<h2 style=\"font-size: 22px; font-weight: 600; color: #1a1a1a; margin: 0 0 12px;\">Palette de couleurs et traitement de surface<\/h2>\n<p style=\"font-size: 16px; margin: 0 0 20px;\">Bas\u00e9 sur une esth\u00e9tique de luxe moderne et l\u00e9g\u00e8re, il int\u00e8gre des lignes minimalistes et une texture haut de gamme, \u00e9quilibrant l'expression esth\u00e9tique et l'aspect pratique de l'espace, cr\u00e9ant ainsi un style simple mais pas simpliste.<\/p>\n<\/div>\n<h2>\u00a0<\/h2>\n<h2><img decoding=\"async\" class=\"wp-image-1170 size-medium alignleft\" style=\"font-size: 16px; font-weight: 400;\" src=\"https:\/\/kojoon.com\/wp-content\/uploads\/2026\/05\/20200306_c95b143f82c3a7029df6i7z2gqam1nzq-300x300.png\" alt=\"20200306 C95b143f82c3a7029df6i7z2gqam1nzq\" width=\"300\" height=\"300\" srcset=\"https:\/\/kojoon.com\/wp-content\/uploads\/2026\/05\/20200306_c95b143f82c3a7029df6i7z2gqam1nzq-300x300.png 300w, https:\/\/kojoon.com\/wp-content\/uploads\/2026\/05\/20200306_c95b143f82c3a7029df6i7z2gqam1nzq-150x150.png 150w, https:\/\/kojoon.com\/wp-content\/uploads\/2026\/05\/20200306_c95b143f82c3a7029df6i7z2gqam1nzq-768x768.png 768w, https:\/\/kojoon.com\/wp-content\/uploads\/2026\/05\/20200306_c95b143f82c3a7029df6i7z2gqam1nzq-12x12.png 12w, https:\/\/kojoon.com\/wp-content\/uploads\/2026\/05\/20200306_c95b143f82c3a7029df6i7z2gqam1nzq-600x600.png 600w, https:\/\/kojoon.com\/wp-content\/uploads\/2026\/05\/20200306_c95b143f82c3a7029df6i7z2gqam1nzq-100x100.png 100w, https:\/\/kojoon.com\/wp-content\/uploads\/2026\/05\/20200306_c95b143f82c3a7029df6i7z2gqam1nzq.png 1000w\" sizes=\"(max-width: 300px) 100vw, 300px\" \/><\/h2>\n<h2>\u00a0<\/h2>\n<h2 style=\"font-size: 22px; font-weight: 600; color: #1a1a1a; margin: 0 0 12px;\">Configuration spatiale<\/h2>\n<p style=\"font-size: 16px; margin: 0 0 20px;\">Optimiser la disposition de la salle \u00e0 manger sur\u00e9lev\u00e9e pour les invit\u00e9s, du bureau ouvert et du vestiaire s\u00e9par\u00e9, en s\u00e9parant les activit\u00e9s et en maximisant l'utilisation des avantages de l'espace duplex.<\/p>\n<h2 style=\"font-size: 22px; font-weight: 600; color: #1a1a1a; margin: 0 0 12px;\">Mat\u00e9riaux et savoir-faire<\/h2>\n<p style=\"font-size: 16px; margin: 0;\">S\u00e9lection de mat\u00e9riaux de haute qualit\u00e9 tels que le marbre, les panneaux en bois massif et les panneaux d\u00e9coratifs en PET, et utilisation de techniques de personnalisation exquises pour garantir la qualit\u00e9 des d\u00e9tails et la durabilit\u00e9.<\/p>\n<div style=\"flex: 1; min-width: 300px; text-align: center;\"><img decoding=\"async\" class=\"size-medium wp-image-1172\" style=\"text-align: start;\" src=\"https:\/\/kojoon.com\/wp-content\/uploads\/2026\/05\/20200306_d3cbb60bb09034ce4c9durw8l3fsn43y-300x300.png\" alt=\"20200306 D3cbb60bb09034ce4c9durw8l3fsn43y\" width=\"300\" height=\"300\" srcset=\"https:\/\/kojoon.com\/wp-content\/uploads\/2026\/05\/20200306_d3cbb60bb09034ce4c9durw8l3fsn43y-300x300.png 300w, https:\/\/kojoon.com\/wp-content\/uploads\/2026\/05\/20200306_d3cbb60bb09034ce4c9durw8l3fsn43y-150x150.png 150w, https:\/\/kojoon.com\/wp-content\/uploads\/2026\/05\/20200306_d3cbb60bb09034ce4c9durw8l3fsn43y-768x768.png 768w, https:\/\/kojoon.com\/wp-content\/uploads\/2026\/05\/20200306_d3cbb60bb09034ce4c9durw8l3fsn43y-12x12.png 12w, https:\/\/kojoon.com\/wp-content\/uploads\/2026\/05\/20200306_d3cbb60bb09034ce4c9durw8l3fsn43y-600x600.png 600w, https:\/\/kojoon.com\/wp-content\/uploads\/2026\/05\/20200306_d3cbb60bb09034ce4c9durw8l3fsn43y-100x100.png 100w, https:\/\/kojoon.com\/wp-content\/uploads\/2026\/05\/20200306_d3cbb60bb09034ce4c9durw8l3fsn43y.png 1000w\" sizes=\"(max-width: 300px) 100vw, 300px\" \/><\/div>\n<\/div>\n<p><!-- \u7b2c\u4e09\u6bb5\uff1a\u6536\u5c3e\u529f\u80fd\u8bf4\u660e --><\/p>\n<div style=\"margin-bottom: 30px;\">\n<h2 style=\"font-size: 22px; font-weight: 600; color: #1a1a1a; margin: 0 0 12px;\">Fonctionnalit\u00e9 et ergonomie<\/h2>\n<p style=\"font-size: 16px; margin: 0;\">Il int\u00e8gre de multiples fonctions telles que le stockage, la d\u00e9tente et l'utilisation d'un bureau. Il est con\u00e7u dans le respect de l'ergonomie et cr\u00e9e un espace de vie confortable, pratique et adapt\u00e9 \u00e0 la vie quotidienne.<\/p>\n<\/div>\n<\/div>","protected":false},"excerpt":{"rendered":"<p>aq2eqw Design Concept Based on modern light luxury aesthetics as the core, it integrates minimalist lines and high-end texture, balancing aesthetic expression with spatial practicality, creating a style that is simple yet not simplistic. Color Palette &amp; Surface Treatment Based on modern light luxury aesthetics as the core, it integrates minimalist linesand high-end texture, balancing [&hellip;]<\/p>\n","protected":false},"featured_media":678,"template":"","meta":{"_acf_changed":false},"product_brand":[],"product_cat":[37,40],"product_tag":[],"class_list":{"0":"post-1175","1":"product","2":"type-product","3":"status-publish","4":"has-post-thumbnail","6":"product_cat-furniture","7":"product_cat-hotel-business-furniture","9":"first","10":"instock","11":"shipping-taxable","12":"product-type-simple"},"acf":[],"yoast_head":"<!-- This site is optimized with the Yoast SEO Premium plugin v23.6 (Yoast SEO v27.5) - https:\/\/yoast.com\/product\/yoast-seo-premium-wordpress\/ -->\n<title>KOJOON Custom Color Service - Best-selling - Complete Home Furniture Set - Home Solution - 3D Rendering - Custom Dimensions - One-stop Service - kojoon.com<\/title>\n<meta name=\"robots\" content=\"index, follow, max-snippet:-1, max-image-preview:large, max-video-preview:-1\" \/>\n<link rel=\"canonical\" href=\"https:\/\/kojoon.com\/fr\/product\/kojoon-custom-color-service-best-selling-complete-home-furniture-set-home-solution-3d-rendering-custom-dimensions-one-stop-service\/\" \/>\n<meta property=\"og:locale\" content=\"fr_CA\" \/>\n<meta property=\"og:type\" content=\"article\" \/>\n<meta property=\"og:title\" content=\"KOJOON Custom Color Service - Best-selling - Complete Home Furniture Set - Home Solution - 3D Rendering - Custom Dimensions - One-stop Service\" \/>\n<meta property=\"og:description\" content=\"aq2eqw Design Concept Based on modern light luxury aesthetics as the core, it integrates minimalist lines and high-end texture, balancing aesthetic expression with spatial practicality, creating a style that is simple yet not simplistic. Color Palette &amp; Surface Treatment Based on modern light luxury aesthetics as the core, it integrates minimalist linesand high-end texture, balancing [&hellip;]\" \/>\n<meta property=\"og:url\" content=\"https:\/\/kojoon.com\/fr\/product\/kojoon-custom-color-service-best-selling-complete-home-furniture-set-home-solution-3d-rendering-custom-dimensions-one-stop-service\/\" \/>\n<meta property=\"og:site_name\" content=\"kojoon.com\" \/>\n<meta property=\"article:modified_time\" content=\"2026-05-05T09:02:23+00:00\" \/>\n<meta property=\"og:image\" content=\"https:\/\/kojoon.com\/wp-content\/uploads\/2026\/03\/Raffles-Hotel-5-800x800-1.jpg\" \/>\n\t<meta property=\"og:image:width\" content=\"800\" \/>\n\t<meta property=\"og:image:height\" content=\"800\" \/>\n\t<meta property=\"og:image:type\" content=\"image\/jpeg\" \/>\n<meta name=\"twitter:card\" content=\"summary_large_image\" \/>\n<meta name=\"twitter:label1\" content=\"Estimation du temps de lecture\" \/>\n\t<meta name=\"twitter:data1\" content=\"2 minutes\" \/>\n<script type=\"application\/ld+json\" class=\"yoast-schema-graph\">{\"@context\":\"https:\\\/\\\/schema.org\",\"@graph\":[{\"@type\":\"WebPage\",\"@id\":\"https:\\\/\\\/kojoon.com\\\/product\\\/kojoon-custom-color-service-best-selling-complete-home-furniture-set-home-solution-3d-rendering-custom-dimensions-one-stop-service\\\/\",\"url\":\"https:\\\/\\\/kojoon.com\\\/product\\\/kojoon-custom-color-service-best-selling-complete-home-furniture-set-home-solution-3d-rendering-custom-dimensions-one-stop-service\\\/\",\"name\":\"KOJOON Custom Color Service - Best-selling - Complete Home Furniture Set - Home Solution - 3D Rendering - Custom Dimensions - One-stop Service - kojoon.com\",\"isPartOf\":{\"@id\":\"https:\\\/\\\/kojoon.com\\\/it\\\/#website\"},\"primaryImageOfPage\":{\"@id\":\"https:\\\/\\\/kojoon.com\\\/product\\\/kojoon-custom-color-service-best-selling-complete-home-furniture-set-home-solution-3d-rendering-custom-dimensions-one-stop-service\\\/#primaryimage\"},\"image\":{\"@id\":\"https:\\\/\\\/kojoon.com\\\/product\\\/kojoon-custom-color-service-best-selling-complete-home-furniture-set-home-solution-3d-rendering-custom-dimensions-one-stop-service\\\/#primaryimage\"},\"thumbnailUrl\":\"https:\\\/\\\/kojoon.com\\\/wp-content\\\/uploads\\\/2026\\\/03\\\/Raffles-Hotel-5-800x800-1.jpg\",\"datePublished\":\"2026-05-05T08:10:45+00:00\",\"dateModified\":\"2026-05-05T09:02:23+00:00\",\"breadcrumb\":{\"@id\":\"https:\\\/\\\/kojoon.com\\\/product\\\/kojoon-custom-color-service-best-selling-complete-home-furniture-set-home-solution-3d-rendering-custom-dimensions-one-stop-service\\\/#breadcrumb\"},\"inLanguage\":\"fr-CA\",\"potentialAction\":[{\"@type\":\"ReadAction\",\"target\":[\"https:\\\/\\\/kojoon.com\\\/product\\\/kojoon-custom-color-service-best-selling-complete-home-furniture-set-home-solution-3d-rendering-custom-dimensions-one-stop-service\\\/\"]}]},{\"@type\":\"ImageObject\",\"inLanguage\":\"fr-CA\",\"@id\":\"https:\\\/\\\/kojoon.com\\\/product\\\/kojoon-custom-color-service-best-selling-complete-home-furniture-set-home-solution-3d-rendering-custom-dimensions-one-stop-service\\\/#primaryimage\",\"url\":\"https:\\\/\\\/kojoon.com\\\/wp-content\\\/uploads\\\/2026\\\/03\\\/Raffles-Hotel-5-800x800-1.jpg\",\"contentUrl\":\"https:\\\/\\\/kojoon.com\\\/wp-content\\\/uploads\\\/2026\\\/03\\\/Raffles-Hotel-5-800x800-1.jpg\",\"width\":800,\"height\":800,\"caption\":\"Raffles Hotel 5 800x800\"},{\"@type\":\"BreadcrumbList\",\"@id\":\"https:\\\/\\\/kojoon.com\\\/product\\\/kojoon-custom-color-service-best-selling-complete-home-furniture-set-home-solution-3d-rendering-custom-dimensions-one-stop-service\\\/#breadcrumb\",\"itemListElement\":[{\"@type\":\"ListItem\",\"position\":1,\"name\":\"Home\",\"item\":\"https:\\\/\\\/kojoon.com\\\/it\\\/\"},{\"@type\":\"ListItem\",\"position\":2,\"name\":\"\u5546\u5e97\",\"item\":\"https:\\\/\\\/kojoon.com\\\/it\\\/shop\\\/\"},{\"@type\":\"ListItem\",\"position\":3,\"name\":\"KOJOON Custom Color Service &#8211; Best-selling &#8211; Complete Home Furniture Set &#8211; Home Solution &#8211; 3D Rendering &#8211; Custom Dimensions &#8211; One-stop Service\"}]},{\"@type\":\"WebSite\",\"@id\":\"https:\\\/\\\/kojoon.com\\\/it\\\/#website\",\"url\":\"https:\\\/\\\/kojoon.com\\\/it\\\/\",\"name\":\"kojoon.com\",\"description\":\"One-stop Solution for Residential &amp; Commercial Building Projects\",\"potentialAction\":[{\"@type\":\"SearchAction\",\"target\":{\"@type\":\"EntryPoint\",\"urlTemplate\":\"https:\\\/\\\/kojoon.com\\\/it\\\/?s={search_term_string}\"},\"query-input\":{\"@type\":\"PropertyValueSpecification\",\"valueRequired\":true,\"valueName\":\"search_term_string\"}}],\"inLanguage\":\"fr-CA\"}]}<\/script>\n<!-- \/ Yoast SEO Premium plugin. -->","yoast_head_json":{"title":"KOJOON Custom Color Service - Best-seller - Ensemble complet de meubles pour la maison - Home Solution - 3D Rendering - Custom Dimensions - One-stop Service - kojoon.com","robots":{"index":"index","follow":"follow","max-snippet":"max-snippet:-1","max-image-preview":"max-image-preview:large","max-video-preview":"max-video-preview:-1"},"canonical":"https:\/\/kojoon.com\/fr\/product\/kojoon-custom-color-service-best-selling-complete-home-furniture-set-home-solution-3d-rendering-custom-dimensions-one-stop-service\/","og_locale":"fr_CA","og_type":"article","og_title":"KOJOON Custom Color Service - Best-selling - Complete Home Furniture Set - Home Solution - 3D Rendering - Custom Dimensions - One-stop Service","og_description":"aq2eqw Design Concept Based on modern light luxury aesthetics as the core, it integrates minimalist lines and high-end texture, balancing aesthetic expression with spatial practicality, creating a style that is simple yet not simplistic. Color Palette &amp; Surface Treatment Based on modern light luxury aesthetics as the core, it integrates minimalist linesand high-end texture, balancing [&hellip;]","og_url":"https:\/\/kojoon.com\/fr\/product\/kojoon-custom-color-service-best-selling-complete-home-furniture-set-home-solution-3d-rendering-custom-dimensions-one-stop-service\/","og_site_name":"kojoon.com","article_modified_time":"2026-05-05T09:02:23+00:00","og_image":[{"width":800,"height":800,"url":"https:\/\/kojoon.com\/wp-content\/uploads\/2026\/03\/Raffles-Hotel-5-800x800-1.jpg","type":"image\/jpeg"}],"twitter_card":"summary_large_image","twitter_misc":{"Estimation du temps de lecture":"2 minutes"},"schema":{"@context":"https:\/\/schema.org","@graph":[{"@type":"WebPage","@id":"https:\/\/kojoon.com\/product\/kojoon-custom-color-service-best-selling-complete-home-furniture-set-home-solution-3d-rendering-custom-dimensions-one-stop-service\/","url":"https:\/\/kojoon.com\/product\/kojoon-custom-color-service-best-selling-complete-home-furniture-set-home-solution-3d-rendering-custom-dimensions-one-stop-service\/","name":"KOJOON Custom Color Service - Best-seller - Ensemble complet de meubles pour la maison - Home Solution - 3D Rendering - Custom Dimensions - One-stop Service - kojoon.com","isPartOf":{"@id":"https:\/\/kojoon.com\/it\/#website"},"primaryImageOfPage":{"@id":"https:\/\/kojoon.com\/product\/kojoon-custom-color-service-best-selling-complete-home-furniture-set-home-solution-3d-rendering-custom-dimensions-one-stop-service\/#primaryimage"},"image":{"@id":"https:\/\/kojoon.com\/product\/kojoon-custom-color-service-best-selling-complete-home-furniture-set-home-solution-3d-rendering-custom-dimensions-one-stop-service\/#primaryimage"},"thumbnailUrl":"https:\/\/kojoon.com\/wp-content\/uploads\/2026\/03\/Raffles-Hotel-5-800x800-1.jpg","datePublished":"2026-05-05T08:10:45+00:00","dateModified":"2026-05-05T09:02:23+00:00","breadcrumb":{"@id":"https:\/\/kojoon.com\/product\/kojoon-custom-color-service-best-selling-complete-home-furniture-set-home-solution-3d-rendering-custom-dimensions-one-stop-service\/#breadcrumb"},"inLanguage":"fr-CA","potentialAction":[{"@type":"ReadAction","target":["https:\/\/kojoon.com\/product\/kojoon-custom-color-service-best-selling-complete-home-furniture-set-home-solution-3d-rendering-custom-dimensions-one-stop-service\/"]}]},{"@type":"ImageObject","inLanguage":"fr-CA","@id":"https:\/\/kojoon.com\/product\/kojoon-custom-color-service-best-selling-complete-home-furniture-set-home-solution-3d-rendering-custom-dimensions-one-stop-service\/#primaryimage","url":"https:\/\/kojoon.com\/wp-content\/uploads\/2026\/03\/Raffles-Hotel-5-800x800-1.jpg","contentUrl":"https:\/\/kojoon.com\/wp-content\/uploads\/2026\/03\/Raffles-Hotel-5-800x800-1.jpg","width":800,"height":800,"caption":"Raffles Hotel 5 800x800"},{"@type":"BreadcrumbList","@id":"https:\/\/kojoon.com\/product\/kojoon-custom-color-service-best-selling-complete-home-furniture-set-home-solution-3d-rendering-custom-dimensions-one-stop-service\/#breadcrumb","itemListElement":[{"@type":"ListItem","position":1,"name":"Home","item":"https:\/\/kojoon.com\/it\/"},{"@type":"ListItem","position":2,"name":"\u5546\u5e97","item":"https:\/\/kojoon.com\/it\/shop\/"},{"@type":"ListItem","position":3,"name":"KOJOON Custom Color Service &#8211; Best-selling &#8211; Complete Home Furniture Set &#8211; Home Solution &#8211; 3D Rendering &#8211; Custom Dimensions &#8211; One-stop Service"}]},{"@type":"WebSite","@id":"https:\/\/kojoon.com\/it\/#website","url":"https:\/\/kojoon.com\/it\/","name":"kojoon.com","description":"Une solution unique pour les projets de construction r\u00e9sidentielle et commerciale","potentialAction":[{"@type":"SearchAction","target":{"@type":"EntryPoint","urlTemplate":"https:\/\/kojoon.com\/it\/?s={search_term_string}"},"query-input":{"@type":"PropertyValueSpecification","valueRequired":true,"valueName":"search_term_string"}}],"inLanguage":"fr-CA"}]}},"_links":{"self":[{"href":"https:\/\/kojoon.com\/fr\/wp-json\/wp\/v2\/product\/1175","targetHints":{"allow":["GET"]}}],"collection":[{"href":"https:\/\/kojoon.com\/fr\/wp-json\/wp\/v2\/product"}],"about":[{"href":"https:\/\/kojoon.com\/fr\/wp-json\/wp\/v2\/types\/product"}],"wp:featuredmedia":[{"embeddable":true,"href":"https:\/\/kojoon.com\/fr\/wp-json\/wp\/v2\/media\/678"}],"wp:attachment":[{"href":"https:\/\/kojoon.com\/fr\/wp-json\/wp\/v2\/media?parent=1175"}],"wp:term":[{"taxonomy":"product_brand","embeddable":true,"href":"https:\/\/kojoon.com\/fr\/wp-json\/wp\/v2\/product_brand?post=1175"},{"taxonomy":"product_cat","embeddable":true,"href":"https:\/\/kojoon.com\/fr\/wp-json\/wp\/v2\/product_cat?post=1175"},{"taxonomy":"product_tag","embeddable":true,"href":"https:\/\/kojoon.com\/fr\/wp-json\/wp\/v2\/product_tag?post=1175"}],"curies":[{"name":"wp","href":"https:\/\/api.w.org\/{rel}","templated":true}]}}